{"id":2441,"date":"2024-07-09T12:51:38","date_gmt":"2024-07-09T12:51:38","guid":{"rendered":"https:\/\/tenhaveplant.nl\/tamarinde\/"},"modified":"2024-11-06T10:08:31","modified_gmt":"2024-11-06T10:08:31","slug":"tamarinde","status":"publish","type":"page","link":"https:\/\/tenhaveplant.nl\/es\/tamarinde\/","title":{"rendered":"Tamarinde"},"content":{"rendered":"\t\t<div data-elementor-type=\"wp-page\" data-elementor-id=\"2441\" class=\"elementor elementor-2441 elementor-46\" data-elementor-post-type=\"page\">\n\t\t\t\t<div class=\"elementor-element elementor-element-5b1f817d e-flex e-con-boxed e-con e-parent\" data-id=\"5b1f817d\" data-element_type=\"container\" data-e-type=\"container\">\n\t\t\t\t\t<div class=\"e-con-inner\">\n\t\t<div class=\"elementor-element elementor-element-66832287 e-con-full e-flex e-con e-child\" data-id=\"66832287\" data-element_type=\"container\" data-e-type=\"container\">\n\t\t\t\t<div class=\"elementor-element elementor-element-1eb30ef9 elementor-widget elementor-widget-heading\" data-id=\"1eb30ef9\" data-element_type=\"widget\" data-e-type=\"widget\" data-widget_type=\"heading.default\">\n\t\t\t\t<div class=\"elementor-widget-container\">\n\t\t\t\t\t<h1 class=\"elementor-heading-title elementor-size-default\"><br> El tamarindo: una primicia en los Pa\u00edses Bajos<\/h1>\t\t\t\t<\/div>\n\t\t\t\t<\/div>\n\t\t\t\t<div class=\"elementor-element elementor-element-3d21cef2 elementor-widget elementor-widget-text-editor\" data-id=\"3d21cef2\" data-element_type=\"widget\" data-e-type=\"widget\" data-widget_type=\"text-editor.default\">\n\t\t\t\t<div class=\"elementor-widget-container\">\n\t\t\t\t\t\t\t\t\t<p>Tamarinde Es muy conocido en la India. Las hojas del \u00e1rbol dan sombra, y los frutos se utilizan en currys, salsas y refrescos. Un rasgo caracter\u00edstico es la hoja que se cierra por la noche y se abre durante el d\u00eda para recibir al sol. Tamarinde \u00a1La vida! Este famoso \u00e1rbol tropical est\u00e1 ahora disponible por primera vez como planta de maceta. Ten Have Tamarinde \u00a1Plants lo trae a Holanda!     <\/p>\n\t\t\t\t\t\t\t\t<\/div>\n\t\t\t\t<\/div>\n\t\t\t\t<\/div>\n\t\t<div class=\"elementor-element elementor-element-4cc828a1 e-con-full e-flex e-con e-child\" data-id=\"4cc828a1\" data-element_type=\"container\" data-e-type=\"container\">\n\t\t\t\t<div class=\"elementor-element elementor-element-7cf815ce elementor-widget elementor-widget-spacer\" data-id=\"7cf815ce\" data-element_type=\"widget\" data-e-type=\"widget\" data-widget_type=\"spacer.default\">\n\t\t\t\t<div class=\"elementor-widget-container\">\n\t\t\t\t\t\t\t<div class=\"elementor-spacer\">\n\t\t\t<div class=\"elementor-spacer-inner\"><\/div>\n\t\t<\/div>\n\t\t\t\t\t\t<\/div>\n\t\t\t\t<\/div>\n\t\t\t\t<\/div>\n\t\t\t\t\t<\/div>\n\t\t\t\t<\/div>\n\t\t<div class=\"elementor-element elementor-element-232b71a1 e-flex e-con-boxed e-con e-parent\" data-id=\"232b71a1\" data-element_type=\"container\" data-e-type=\"container\">\n\t\t\t\t\t<div class=\"e-con-inner\">\n\t\t<div class=\"elementor-element elementor-element-270f2966 e-con-full bg-image-zoom e-flex e-con e-child\" data-id=\"270f2966\" data-element_type=\"container\" data-e-type=\"container\" data-settings=\"{&quot;background_background&quot;:&quot;classic&quot;}\">\n\t\t\t\t<div class=\"elementor-element elementor-element-5d816a8c elementor-widget elementor-widget-spacer\" data-id=\"5d816a8c\" data-element_type=\"widget\" data-e-type=\"widget\" data-widget_type=\"spacer.default\">\n\t\t\t\t<div class=\"elementor-widget-container\">\n\t\t\t\t\t\t\t<div class=\"elementor-spacer\">\n\t\t\t<div class=\"elementor-spacer-inner\"><\/div>\n\t\t<\/div>\n\t\t\t\t\t\t<\/div>\n\t\t\t\t<\/div>\n\t\t\t\t<\/div>\n\t\t<div class=\"elementor-element elementor-element-74153219 e-con-full e-flex e-con e-child\" data-id=\"74153219\" data-element_type=\"container\" data-e-type=\"container\" data-settings=\"{&quot;background_background&quot;:&quot;classic&quot;}\">\n\t\t\t\t<div class=\"elementor-element elementor-element-29a66238 elementor-widget elementor-widget-heading\" data-id=\"29a66238\" data-element_type=\"widget\" data-e-type=\"widget\" data-widget_type=\"heading.default\">\n\t\t\t\t<div class=\"elementor-widget-container\">\n\t\t\t\t\t<h2 class=\"elementor-heading-title elementor-size-default\">Muy recomendable: Tamarinde<\/h2>\t\t\t\t<\/div>\n\t\t\t\t<\/div>\n\t\t\t\t<div class=\"elementor-element elementor-element-15906feb elementor-widget elementor-widget-text-editor\" data-id=\"15906feb\" data-element_type=\"widget\" data-e-type=\"widget\" data-widget_type=\"text-editor.default\">\n\t\t\t\t<div class=\"elementor-widget-container\">\n\t\t\t\t\t\t\t\t\t<p>Tamarinde Es una planta verde y, por tanto, ideal para meter en casa cuando se apaga el \u00e1rbol de Navidad. Pero la tenemos disponible todo el a\u00f1o. Tamarinde Debido a su origen tropical, la soporta muy bien la luz y el calor.  <\/p>\n<p>Tamarinde Las entregamos en nuestra propia funda Plants, pero es posible personalizarlas. \u00bfPrefieres una maceta de madera, una cesta o una funda transparente? No hay ning\u00fan problema.  <\/p>\n\t\t\t\t\t\t\t\t<\/div>\n\t\t\t\t<\/div>\n\t\t\t\t<\/div>\n\t\t\t\t\t<\/div>\n\t\t\t\t<\/div>\n\t\t<div class=\"elementor-element elementor-element-b123a11 e-flex e-con-boxed e-con e-parent\" data-id=\"b123a11\" data-element_type=\"container\" data-e-type=\"container\">\n\t\t\t\t\t<div class=\"e-con-inner\">\n\t\t<div class=\"elementor-element elementor-element-530a73e e-con-full e-flex e-con e-child\" data-id=\"530a73e\" data-element_type=\"container\" data-e-type=\"container\">\n\t\t<div class=\"elementor-element elementor-element-2053ab8 e-con-full bg-image-zoom e-flex e-con e-child\" data-id=\"2053ab8\" data-element_type=\"container\" data-e-type=\"container\" data-settings=\"{&quot;background_background&quot;:&quot;classic&quot;}\">\n\t\t\t\t<div class=\"elementor-element elementor-element-e88d740 elementor-widget elementor-widget-spacer\" data-id=\"e88d740\" data-element_type=\"widget\" data-e-type=\"widget\" data-widget_type=\"spacer.default\">\n\t\t\t\t<div class=\"elementor-widget-container\">\n\t\t\t\t\t\t\t<div class=\"elementor-spacer\">\n\t\t\t<div class=\"elementor-spacer-inner\"><\/div>\n\t\t<\/div>\n\t\t\t\t\t\t<\/div>\n\t\t\t\t<\/div>\n\t\t\t\t<\/div>\n\t\t<div class=\"elementor-element elementor-element-0a4b08d e-con-full e-flex e-con e-child\" data-id=\"0a4b08d\" data-element_type=\"container\" data-e-type=\"container\" data-settings=\"{&quot;background_background&quot;:&quot;classic&quot;}\">\n\t\t<div class=\"elementor-element elementor-element-3f46e2e e-con-full e-flex e-con e-child\" data-id=\"3f46e2e\" data-element_type=\"container\" data-e-type=\"container\">\n\t\t\t\t<div class=\"elementor-element elementor-element-9d68dd5 elementor-widget elementor-widget-heading\" data-id=\"9d68dd5\" data-element_type=\"widget\" data-e-type=\"widget\" data-widget_type=\"heading.default\">\n\t\t\t\t<div class=\"elementor-widget-container\">\n\t\t\t\t\t<h2 class=\"elementor-heading-title elementor-size-default\">Tamarinde Larga vida a la planta<\/h2>\t\t\t\t<\/div>\n\t\t\t\t<\/div>\n\t\t\t\t<div class=\"elementor-element elementor-element-29c0eb1 elementor-widget elementor-widget-text-editor\" data-id=\"29c0eb1\" data-element_type=\"widget\" data-e-type=\"widget\" data-widget_type=\"text-editor.default\">\n\t\t\t\t<div class=\"elementor-widget-container\">\n\t\t\t\t\t\t\t\t\t<p>Tamarinde Que las hojas se mueven al ritmo del d\u00eda. Ese abrirse y cerrarse hace que la planta sea \u00fanica. Tamarinde Tambi\u00e9n es especialmente duradera, pues dura a\u00f1os. Con el tiempo, \u00a1puede convertirse en un \u00e1rbol! Un lugar soleado de la casa es su h\u00e1bitat natural y soporta bien la sequ\u00eda.    <\/p>\n<ul>\n<li>Hojas frescas y verdes<\/li>\n<li>Abrir y cerrar hojas<\/li>\n<li>Soporta bien el sol y la sequ\u00eda<\/li>\n<li>Puede convertirse en un \u00e1rbol<\/li>\n<\/ul>\n\t\t\t\t\t\t\t\t<\/div>\n\t\t\t\t<\/div>\n\t\t\t\t<\/div>\n\t\t\t\t<\/div>\n\t\t\t\t<\/div>\n\t\t<div class=\"elementor-element elementor-element-72358c8 e-con-full e-flex e-con e-child\" data-id=\"72358c8\" data-element_type=\"container\" data-e-type=\"container\">\n\t\t<div class=\"elementor-element elementor-element-e92dd50 e-con-full bg-image-zoom e-flex e-con e-child\" data-id=\"e92dd50\" data-element_type=\"container\" data-e-type=\"container\" data-settings=\"{&quot;background_background&quot;:&quot;classic&quot;}\">\n\t\t\t\t<div class=\"elementor-element elementor-element-d805b08 elementor-widget elementor-widget-spacer\" data-id=\"d805b08\" data-element_type=\"widget\" data-e-type=\"widget\" data-widget_type=\"spacer.default\">\n\t\t\t\t<div class=\"elementor-widget-container\">\n\t\t\t\t\t\t\t<div class=\"elementor-spacer\">\n\t\t\t<div class=\"elementor-spacer-inner\"><\/div>\n\t\t<\/div>\n\t\t\t\t\t\t<\/div>\n\t\t\t\t<\/div>\n\t\t\t\t<\/div>\n\t\t<div class=\"elementor-element elementor-element-596194d e-con-full e-flex e-con e-child\" data-id=\"596194d\" data-element_type=\"container\" data-e-type=\"container\" data-settings=\"{&quot;background_background&quot;:&quot;classic&quot;}\">\n\t\t<div class=\"elementor-element elementor-element-34f2415 e-con-full e-flex e-con e-child\" data-id=\"34f2415\" data-element_type=\"container\" data-e-type=\"container\">\n\t\t\t\t<div class=\"elementor-element elementor-element-a8954ed elementor-widget elementor-widget-heading\" data-id=\"a8954ed\" data-element_type=\"widget\" data-e-type=\"widget\" data-widget_type=\"heading.default\">\n\t\t\t\t<div class=\"elementor-widget-container\">\n\t\t\t\t\t<h2 class=\"elementor-heading-title elementor-size-default\">M\u00e1s sobre el Tamarinde<\/h2>\t\t\t\t<\/div>\n\t\t\t\t<\/div>\n\t\t\t\t<div class=\"elementor-element elementor-element-cd5083c elementor-widget elementor-widget-text-editor\" data-id=\"cd5083c\" data-element_type=\"widget\" data-e-type=\"widget\" data-widget_type=\"text-editor.default\">\n\t\t\t\t<div class=\"elementor-widget-container\">\n\t\t\t\t\t\t\t\t\t<p>Tamarinde\u00bfCu\u00e1l es el mejor cuidado de la ? \u00bfD\u00f3nde puedo leer m\u00e1s sobre esta planta especial? Encuentra m\u00e1s informaci\u00f3n en tamarind.plant.  <\/p>\n\t\t\t\t\t\t\t\t<\/div>\n\t\t\t\t<\/div>\n\t\t\t\t<\/div>\n\t\t\t\t<div class=\"elementor-element elementor-element-623d580 elementor-widget elementor-widget-button\" data-id=\"623d580\" data-element_type=\"widget\" data-e-type=\"widget\" data-widget_type=\"button.default\">\n\t\t\t\t<div class=\"elementor-widget-container\">\n\t\t\t\t\t\t\t\t\t<div class=\"elementor-button-wrapper\">\n\t\t\t\t\t<a class=\"elementor-button elementor-button-link elementor-size-sm\" href=\"https:\/\/tenhaveplant.nl\/es\/tamarinde\/consumidor-3\/\">\n\t\t\t\t\t\t<span class=\"elementor-button-content-wrapper\">\n\t\t\t\t\t\t\t\t\t<span class=\"elementor-button-text\">Leer m\u00e1s<\/span>\n\t\t\t\t\t<\/span>\n\t\t\t\t\t<\/a>\n\t\t\t\t<\/div>\n\t\t\t\t\t\t\t\t<\/div>\n\t\t\t\t<\/div>\n\t\t\t\t<\/div>\n\t\t\t\t<\/div>\n\t\t\t\t\t<\/div>\n\t\t\t\t<\/div>\n\t\t\t\t<\/div>\n\t\t","protected":false},"excerpt":{"rendered":"<p>El tamarindo: una primicia en los Pa\u00edses Bajos Tamarinde Es muy conocido en la India. Las hojas del \u00e1rbol dan sombra, y los frutos se utilizan en currys, salsas y refrescos. Un rasgo caracter\u00edstico es la hoja que se cierra por la noche y se abre durante el d\u00eda para recibir al sol. Tamarinde \u00a1La [&hellip;]<\/p>\n","protected":false},"author":1,"featured_media":0,"parent":0,"menu_order":0,"comment_status":"closed","ping_status":"closed","template":"","meta":{"footnotes":""},"class_list":["post-2441","page","type-page","status-publish","hentry"],"yoast_head":"<!-- This site is optimized with the Yoast SEO plugin v27.2 - https:\/\/yoast.com\/product\/yoast-seo-wordpress\/ -->\n<title>Tamarinde - Ten Have Plant<\/title>\n<meta name=\"robots\" content=\"index, follow, max-snippet:-1, max-image-preview:large, max-video-preview:-1\" \/>\n<link rel=\"canonical\" href=\"https:\/\/tenhaveplant.nl\/es\/tamarinde\/\" \/>\n<meta property=\"og:locale\" content=\"es_ES\" \/>\n<meta property=\"og:type\" content=\"article\" \/>\n<meta property=\"og:title\" content=\"Tamarinde - Ten Have Plant\" \/>\n<meta property=\"og:description\" content=\"El tamarindo: una primicia en los Pa\u00edses Bajos Tamarinde Es muy conocido en la India. Las hojas del \u00e1rbol dan sombra, y los frutos se utilizan en currys, salsas y refrescos. Un rasgo caracter\u00edstico es la hoja que se cierra por la noche y se abre durante el d\u00eda para recibir al sol. Tamarinde \u00a1La [&hellip;]\" \/>\n<meta property=\"og:url\" content=\"https:\/\/tenhaveplant.nl\/es\/tamarinde\/\" \/>\n<meta property=\"og:site_name\" content=\"Ten Have Plant\" \/>\n<meta property=\"article:modified_time\" content=\"2024-11-06T10:08:31+00:00\" \/>\n<meta name=\"twitter:card\" content=\"summary_large_image\" \/>\n<meta name=\"twitter:label1\" content=\"Tiempo de lectura\" \/>\n\t<meta name=\"twitter:data1\" content=\"1 minuto\" \/>\n<script type=\"application\/ld+json\" class=\"yoast-schema-graph\">{\"@context\":\"https:\/\/schema.org\",\"@graph\":[{\"@type\":\"WebPage\",\"@id\":\"https:\/\/tenhaveplant.nl\/es\/tamarinde\/\",\"url\":\"https:\/\/tenhaveplant.nl\/es\/tamarinde\/\",\"name\":\"Tamarinde - Ten Have Plant\",\"isPartOf\":{\"@id\":\"https:\/\/tenhaveplant.nl\/#website\"},\"datePublished\":\"2024-07-09T12:51:38+00:00\",\"dateModified\":\"2024-11-06T10:08:31+00:00\",\"breadcrumb\":{\"@id\":\"https:\/\/tenhaveplant.nl\/es\/tamarinde\/#breadcrumb\"},\"inLanguage\":\"es\",\"potentialAction\":[{\"@type\":\"ReadAction\",\"target\":[\"https:\/\/tenhaveplant.nl\/es\/tamarinde\/\"]}]},{\"@type\":\"BreadcrumbList\",\"@id\":\"https:\/\/tenhaveplant.nl\/es\/tamarinde\/#breadcrumb\",\"itemListElement\":[{\"@type\":\"ListItem\",\"position\":1,\"name\":\"Home\",\"item\":\"https:\/\/tenhaveplant.nl\/es\/inicio\/\"},{\"@type\":\"ListItem\",\"position\":2,\"name\":\"Tamarinde\"}]},{\"@type\":\"WebSite\",\"@id\":\"https:\/\/tenhaveplant.nl\/#website\",\"url\":\"https:\/\/tenhaveplant.nl\/\",\"name\":\"Ten Have Plant\",\"description\":\"\",\"publisher\":{\"@id\":\"https:\/\/tenhaveplant.nl\/#organization\"},\"potentialAction\":[{\"@type\":\"SearchAction\",\"target\":{\"@type\":\"EntryPoint\",\"urlTemplate\":\"https:\/\/tenhaveplant.nl\/?s={search_term_string}\"},\"query-input\":{\"@type\":\"PropertyValueSpecification\",\"valueRequired\":true,\"valueName\":\"search_term_string\"}}],\"inLanguage\":\"es\"},{\"@type\":\"Organization\",\"@id\":\"https:\/\/tenhaveplant.nl\/#organization\",\"name\":\"Ten Have Plant\",\"url\":\"https:\/\/tenhaveplant.nl\/\",\"logo\":{\"@type\":\"ImageObject\",\"inLanguage\":\"es\",\"@id\":\"https:\/\/tenhaveplant.nl\/#\/schema\/logo\/image\/\",\"url\":\"https:\/\/tenhaveplant.nl\/wp-content\/uploads\/2024\/10\/Middel-1-ten-have-plant.svg\",\"contentUrl\":\"https:\/\/tenhaveplant.nl\/wp-content\/uploads\/2024\/10\/Middel-1-ten-have-plant.svg\",\"width\":537,\"height\":537,\"caption\":\"Ten Have Plant\"},\"image\":{\"@id\":\"https:\/\/tenhaveplant.nl\/#\/schema\/logo\/image\/\"}}]}<\/script>\n<!-- \/ Yoast SEO plugin. -->","yoast_head_json":{"title":"Tamarinde - Ten Have Plant","robots":{"index":"index","follow":"follow","max-snippet":"max-snippet:-1","max-image-preview":"max-image-preview:large","max-video-preview":"max-video-preview:-1"},"canonical":"https:\/\/tenhaveplant.nl\/es\/tamarinde\/","og_locale":"es_ES","og_type":"article","og_title":"Tamarinde - Ten Have Plant","og_description":"El tamarindo: una primicia en los Pa\u00edses Bajos Tamarinde Es muy conocido en la India. Las hojas del \u00e1rbol dan sombra, y los frutos se utilizan en currys, salsas y refrescos. Un rasgo caracter\u00edstico es la hoja que se cierra por la noche y se abre durante el d\u00eda para recibir al sol. Tamarinde \u00a1La [&hellip;]","og_url":"https:\/\/tenhaveplant.nl\/es\/tamarinde\/","og_site_name":"Ten Have Plant","article_modified_time":"2024-11-06T10:08:31+00:00","twitter_card":"summary_large_image","twitter_misc":{"Tiempo de lectura":"1 minuto"},"schema":{"@context":"https:\/\/schema.org","@graph":[{"@type":"WebPage","@id":"https:\/\/tenhaveplant.nl\/es\/tamarinde\/","url":"https:\/\/tenhaveplant.nl\/es\/tamarinde\/","name":"Tamarinde - Ten Have Plant","isPartOf":{"@id":"https:\/\/tenhaveplant.nl\/#website"},"datePublished":"2024-07-09T12:51:38+00:00","dateModified":"2024-11-06T10:08:31+00:00","breadcrumb":{"@id":"https:\/\/tenhaveplant.nl\/es\/tamarinde\/#breadcrumb"},"inLanguage":"es","potentialAction":[{"@type":"ReadAction","target":["https:\/\/tenhaveplant.nl\/es\/tamarinde\/"]}]},{"@type":"BreadcrumbList","@id":"https:\/\/tenhaveplant.nl\/es\/tamarinde\/#breadcrumb","itemListElement":[{"@type":"ListItem","position":1,"name":"Home","item":"https:\/\/tenhaveplant.nl\/es\/inicio\/"},{"@type":"ListItem","position":2,"name":"Tamarinde"}]},{"@type":"WebSite","@id":"https:\/\/tenhaveplant.nl\/#website","url":"https:\/\/tenhaveplant.nl\/","name":"Ten Have Plant","description":"","publisher":{"@id":"https:\/\/tenhaveplant.nl\/#organization"},"potentialAction":[{"@type":"SearchAction","target":{"@type":"EntryPoint","urlTemplate":"https:\/\/tenhaveplant.nl\/?s={search_term_string}"},"query-input":{"@type":"PropertyValueSpecification","valueRequired":true,"valueName":"search_term_string"}}],"inLanguage":"es"},{"@type":"Organization","@id":"https:\/\/tenhaveplant.nl\/#organization","name":"Ten Have Plant","url":"https:\/\/tenhaveplant.nl\/","logo":{"@type":"ImageObject","inLanguage":"es","@id":"https:\/\/tenhaveplant.nl\/#\/schema\/logo\/image\/","url":"https:\/\/tenhaveplant.nl\/wp-content\/uploads\/2024\/10\/Middel-1-ten-have-plant.svg","contentUrl":"https:\/\/tenhaveplant.nl\/wp-content\/uploads\/2024\/10\/Middel-1-ten-have-plant.svg","width":537,"height":537,"caption":"Ten Have Plant"},"image":{"@id":"https:\/\/tenhaveplant.nl\/#\/schema\/logo\/image\/"}}]}},"_links":{"self":[{"href":"https:\/\/tenhaveplant.nl\/es\/wp-json\/wp\/v2\/pages\/2441","targetHints":{"allow":["GET"]}}],"collection":[{"href":"https:\/\/tenhaveplant.nl\/es\/wp-json\/wp\/v2\/pages"}],"about":[{"href":"https:\/\/tenhaveplant.nl\/es\/wp-json\/wp\/v2\/types\/page"}],"author":[{"embeddable":true,"href":"https:\/\/tenhaveplant.nl\/es\/wp-json\/wp\/v2\/users\/1"}],"replies":[{"embeddable":true,"href":"https:\/\/tenhaveplant.nl\/es\/wp-json\/wp\/v2\/comments?post=2441"}],"version-history":[{"count":2,"href":"https:\/\/tenhaveplant.nl\/es\/wp-json\/wp\/v2\/pages\/2441\/revisions"}],"predecessor-version":[{"id":2448,"href":"https:\/\/tenhaveplant.nl\/es\/wp-json\/wp\/v2\/pages\/2441\/revisions\/2448"}],"wp:attachment":[{"href":"https:\/\/tenhaveplant.nl\/es\/wp-json\/wp\/v2\/media?parent=2441"}],"curies":[{"name":"wp","href":"https:\/\/api.w.org\/{rel}","templated":true}]}}