{"id":2423,"date":"2024-07-09T12:52:26","date_gmt":"2024-07-09T12:52:26","guid":{"rendered":"https:\/\/tenhaveplant.nl\/sostenible\/"},"modified":"2024-11-06T10:08:12","modified_gmt":"2024-11-06T10:08:12","slug":"sostenible","status":"publish","type":"page","link":"https:\/\/tenhaveplant.nl\/es\/sostenible\/","title":{"rendered":"Sostenible"},"content":{"rendered":"\t\t<div data-elementor-type=\"wp-page\" data-elementor-id=\"2423\" class=\"elementor elementor-2423 elementor-52\" data-elementor-post-type=\"page\">\n\t\t\t\t<div class=\"elementor-element elementor-element-81bb5d0 e-flex e-con-boxed e-con e-parent\" data-id=\"81bb5d0\" data-element_type=\"container\" data-e-type=\"container\">\n\t\t\t\t\t<div class=\"e-con-inner\">\n\t\t<div class=\"elementor-element elementor-element-d0d4e23 e-con-full e-flex e-con e-child\" data-id=\"d0d4e23\" data-element_type=\"container\" data-e-type=\"container\">\n\t\t\t\t<div class=\"elementor-element elementor-element-f830475 elementor-widget elementor-widget-heading\" data-id=\"f830475\" data-element_type=\"widget\" data-e-type=\"widget\" data-widget_type=\"heading.default\">\n\t\t\t\t<div class=\"elementor-widget-container\">\n\t\t\t\t\t<h1 class=\"elementor-heading-title elementor-size-default\">Trabajar por nuestro planeta<\/h1>\t\t\t\t<\/div>\n\t\t\t\t<\/div>\n\t\t\t\t<div class=\"elementor-element elementor-element-32a6003 elementor-widget elementor-widget-text-editor\" data-id=\"32a6003\" data-element_type=\"widget\" data-e-type=\"widget\" data-widget_type=\"text-editor.default\">\n\t\t\t\t<div class=\"elementor-widget-container\">\n\t\t\t\t\t\t\t\t\t<p>Una empresa familiar basada en la continuidad. A largo plazo. Eso s\u00f3lo es posible si tienes un ojo puesto en el futuro de nuestro planeta. Por eso nos gusta hacer que el mundo, dentro y fuera de nuestra empresa, sea un poco mejor cada d\u00eda. Tratando con inteligencia la luz, el agua, la energ\u00eda, el calor, la fertilizaci\u00f3n, la protecci\u00f3n de los cultivos, los materiales y el transporte. Y con las personas.     <\/p>\n\t\t\t\t\t\t\t\t<\/div>\n\t\t\t\t<\/div>\n\t\t\t\t<\/div>\n\t\t<div class=\"elementor-element elementor-element-17708bb e-con-full e-flex e-con e-child\" data-id=\"17708bb\" data-element_type=\"container\" data-e-type=\"container\">\n\t\t\t\t<div class=\"elementor-element elementor-element-8e4d372 elementor-widget elementor-widget-spacer\" data-id=\"8e4d372\" data-element_type=\"widget\" data-e-type=\"widget\" data-widget_type=\"spacer.default\">\n\t\t\t\t<div class=\"elementor-widget-container\">\n\t\t\t\t\t\t\t<div class=\"elementor-spacer\">\n\t\t\t<div class=\"elementor-spacer-inner\"><\/div>\n\t\t<\/div>\n\t\t\t\t\t\t<\/div>\n\t\t\t\t<\/div>\n\t\t\t\t<\/div>\n\t\t\t\t\t<\/div>\n\t\t\t\t<\/div>\n\t\t<div class=\"elementor-element elementor-element-79ae3b4 e-flex e-con-boxed e-con e-parent\" data-id=\"79ae3b4\" data-element_type=\"container\" data-e-type=\"container\">\n\t\t\t\t\t<div class=\"e-con-inner\">\n\t\t<div class=\"elementor-element elementor-element-6153c57 e-con-full bg-image-zoom e-flex e-con e-child\" data-id=\"6153c57\" data-element_type=\"container\" data-e-type=\"container\" data-settings=\"{&quot;background_background&quot;:&quot;classic&quot;}\">\n\t\t\t\t<div class=\"elementor-element elementor-element-c1d0ffb elementor-widget elementor-widget-spacer\" data-id=\"c1d0ffb\" data-element_type=\"widget\" data-e-type=\"widget\" data-widget_type=\"spacer.default\">\n\t\t\t\t<div class=\"elementor-widget-container\">\n\t\t\t\t\t\t\t<div class=\"elementor-spacer\">\n\t\t\t<div class=\"elementor-spacer-inner\"><\/div>\n\t\t<\/div>\n\t\t\t\t\t\t<\/div>\n\t\t\t\t<\/div>\n\t\t\t\t<\/div>\n\t\t<div class=\"elementor-element elementor-element-6336b98 e-con-full e-flex e-con e-child\" data-id=\"6336b98\" data-element_type=\"container\" data-e-type=\"container\" data-settings=\"{&quot;background_background&quot;:&quot;classic&quot;}\">\n\t\t\t\t<div class=\"elementor-element elementor-element-2355090 elementor-widget elementor-widget-heading\" data-id=\"2355090\" data-element_type=\"widget\" data-e-type=\"widget\" data-widget_type=\"heading.default\">\n\t\t\t\t<div class=\"elementor-widget-container\">\n\t\t\t\t\t<h2 class=\"elementor-heading-title elementor-size-default\">Hasta ah\u00ed llega la sostenibilidad en Ten Have Plant<\/h2>\t\t\t\t<\/div>\n\t\t\t\t<\/div>\n\t\t\t\t<div class=\"elementor-element elementor-element-980193b elementor-widget elementor-widget-text-editor\" data-id=\"980193b\" data-element_type=\"widget\" data-e-type=\"widget\" data-widget_type=\"text-editor.default\">\n\t\t\t\t<div class=\"elementor-widget-container\">\n\t\t\t\t\t\t\t\t\t<p>C<strong>alor del aire<\/strong> En nuestros invernaderos, cultivamos relativamente frescos. Utilizamos deshumidificadores para extraer calor del aire. \u00c9ste es empujado hacia arriba, lo que nos permite introducir calor en el invernadero sin utilizar mucha energ\u00eda. Con pantallas dobles, mantenemos el calor en el invernadero. La humedad que extraemos del aire con los deshumidificadores se reutiliza. Lo mismo ocurre con el agua y el esti\u00e9rcol, as\u00ed como con nuestros envases, macetas y otros materiales de cultivo. Tambi\u00e9n utilizamos paneles solares, iluminaci\u00f3n LED, calor geot\u00e9rmico y cogeneraci\u00f3n.      <\/p>\n<p>P<strong>rotecci\u00f3n ecol\u00f3gica de los cultivos<\/strong> Protegemos nuestros cultivos de forma ecol\u00f3gica, por ejemplo con larvas e insectos. No s\u00f3lo lo decimos, sino que se demuestra cuatro veces al a\u00f1o. Luego se toman muestras de las hojas y se comprueba en el laboratorio si cumplimos lo que prometemos. Todos los recursos aparecen en ese an\u00e1lisis. Los minoristas pueden conectarse y ver c\u00f3mo cultivamos. Muy transparente.     <\/p>\n<p>N<strong>i un kil\u00f3metro<\/strong> de m\u00e1s Estamos cerca de la subasta, por lo que nuestras plantas no recorren kil\u00f3metros innecesarios por carretera. Tambi\u00e9n reducimos el impacto en la naturaleza porque todos nuestros empleados viven cerca. Pero quiz\u00e1s lo m\u00e1s importante es que nuestra gente trabaja aqu\u00ed de forma segura, con un contrato indefinido y muy divertida. Ten Have Quieren trabajar para . Y seguir haci\u00e9ndolo. \u00a1Eso tambi\u00e9n es sostenible!     <\/p>\n\t\t\t\t\t\t\t\t<\/div>\n\t\t\t\t<\/div>\n\t\t\t\t<\/div>\n\t\t\t\t\t<\/div>\n\t\t\t\t<\/div>\n\t\t\t\t<\/div>\n\t\t","protected":false},"excerpt":{"rendered":"<p>Trabajar por nuestro planeta Una empresa familiar basada en la continuidad. A largo plazo. Eso s\u00f3lo es posible si tienes un ojo puesto en el futuro de nuestro planeta. Por eso nos gusta hacer que el mundo, dentro y fuera de nuestra empresa, sea un poco mejor cada d\u00eda. Tratando con inteligencia la luz, el [&hellip;]<\/p>\n","protected":false},"author":1,"featured_media":0,"parent":0,"menu_order":0,"comment_status":"closed","ping_status":"closed","template":"","meta":{"footnotes":""},"class_list":["post-2423","page","type-page","status-publish","hentry"],"yoast_head":"<!-- This site is optimized with the Yoast SEO plugin v27.2 - https:\/\/yoast.com\/product\/yoast-seo-wordpress\/ -->\n<title>Sostenible - Ten Have Plant<\/title>\n<meta name=\"robots\" content=\"index, follow, max-snippet:-1, max-image-preview:large, max-video-preview:-1\" \/>\n<link rel=\"canonical\" href=\"https:\/\/tenhaveplant.nl\/es\/sostenible\/\" \/>\n<meta property=\"og:locale\" content=\"es_ES\" \/>\n<meta property=\"og:type\" content=\"article\" \/>\n<meta property=\"og:title\" content=\"Sostenible - Ten Have Plant\" \/>\n<meta property=\"og:description\" content=\"Trabajar por nuestro planeta Una empresa familiar basada en la continuidad. A largo plazo. Eso s\u00f3lo es posible si tienes un ojo puesto en el futuro de nuestro planeta. Por eso nos gusta hacer que el mundo, dentro y fuera de nuestra empresa, sea un poco mejor cada d\u00eda. Tratando con inteligencia la luz, el [&hellip;]\" \/>\n<meta property=\"og:url\" content=\"https:\/\/tenhaveplant.nl\/es\/sostenible\/\" \/>\n<meta property=\"og:site_name\" content=\"Ten Have Plant\" \/>\n<meta property=\"article:modified_time\" content=\"2024-11-06T10:08:12+00:00\" \/>\n<meta name=\"twitter:card\" content=\"summary_large_image\" \/>\n<meta name=\"twitter:label1\" content=\"Tiempo de lectura\" \/>\n\t<meta name=\"twitter:data1\" content=\"2 minutos\" \/>\n<script type=\"application\/ld+json\" class=\"yoast-schema-graph\">{\"@context\":\"https:\/\/schema.org\",\"@graph\":[{\"@type\":\"WebPage\",\"@id\":\"https:\/\/tenhaveplant.nl\/es\/sostenible\/\",\"url\":\"https:\/\/tenhaveplant.nl\/es\/sostenible\/\",\"name\":\"Sostenible - Ten Have Plant\",\"isPartOf\":{\"@id\":\"https:\/\/tenhaveplant.nl\/#website\"},\"datePublished\":\"2024-07-09T12:52:26+00:00\",\"dateModified\":\"2024-11-06T10:08:12+00:00\",\"breadcrumb\":{\"@id\":\"https:\/\/tenhaveplant.nl\/es\/sostenible\/#breadcrumb\"},\"inLanguage\":\"es\",\"potentialAction\":[{\"@type\":\"ReadAction\",\"target\":[\"https:\/\/tenhaveplant.nl\/es\/sostenible\/\"]}]},{\"@type\":\"BreadcrumbList\",\"@id\":\"https:\/\/tenhaveplant.nl\/es\/sostenible\/#breadcrumb\",\"itemListElement\":[{\"@type\":\"ListItem\",\"position\":1,\"name\":\"Home\",\"item\":\"https:\/\/tenhaveplant.nl\/es\/inicio\/\"},{\"@type\":\"ListItem\",\"position\":2,\"name\":\"Sostenible\"}]},{\"@type\":\"WebSite\",\"@id\":\"https:\/\/tenhaveplant.nl\/#website\",\"url\":\"https:\/\/tenhaveplant.nl\/\",\"name\":\"Ten Have Plant\",\"description\":\"\",\"publisher\":{\"@id\":\"https:\/\/tenhaveplant.nl\/#organization\"},\"potentialAction\":[{\"@type\":\"SearchAction\",\"target\":{\"@type\":\"EntryPoint\",\"urlTemplate\":\"https:\/\/tenhaveplant.nl\/?s={search_term_string}\"},\"query-input\":{\"@type\":\"PropertyValueSpecification\",\"valueRequired\":true,\"valueName\":\"search_term_string\"}}],\"inLanguage\":\"es\"},{\"@type\":\"Organization\",\"@id\":\"https:\/\/tenhaveplant.nl\/#organization\",\"name\":\"Ten Have Plant\",\"url\":\"https:\/\/tenhaveplant.nl\/\",\"logo\":{\"@type\":\"ImageObject\",\"inLanguage\":\"es\",\"@id\":\"https:\/\/tenhaveplant.nl\/#\/schema\/logo\/image\/\",\"url\":\"https:\/\/tenhaveplant.nl\/wp-content\/uploads\/2024\/10\/Middel-1-ten-have-plant.svg\",\"contentUrl\":\"https:\/\/tenhaveplant.nl\/wp-content\/uploads\/2024\/10\/Middel-1-ten-have-plant.svg\",\"width\":537,\"height\":537,\"caption\":\"Ten Have Plant\"},\"image\":{\"@id\":\"https:\/\/tenhaveplant.nl\/#\/schema\/logo\/image\/\"}}]}<\/script>\n<!-- \/ Yoast SEO plugin. -->","yoast_head_json":{"title":"Sostenible - Ten Have Plant","robots":{"index":"index","follow":"follow","max-snippet":"max-snippet:-1","max-image-preview":"max-image-preview:large","max-video-preview":"max-video-preview:-1"},"canonical":"https:\/\/tenhaveplant.nl\/es\/sostenible\/","og_locale":"es_ES","og_type":"article","og_title":"Sostenible - Ten Have Plant","og_description":"Trabajar por nuestro planeta Una empresa familiar basada en la continuidad. A largo plazo. Eso s\u00f3lo es posible si tienes un ojo puesto en el futuro de nuestro planeta. Por eso nos gusta hacer que el mundo, dentro y fuera de nuestra empresa, sea un poco mejor cada d\u00eda. Tratando con inteligencia la luz, el [&hellip;]","og_url":"https:\/\/tenhaveplant.nl\/es\/sostenible\/","og_site_name":"Ten Have Plant","article_modified_time":"2024-11-06T10:08:12+00:00","twitter_card":"summary_large_image","twitter_misc":{"Tiempo de lectura":"2 minutos"},"schema":{"@context":"https:\/\/schema.org","@graph":[{"@type":"WebPage","@id":"https:\/\/tenhaveplant.nl\/es\/sostenible\/","url":"https:\/\/tenhaveplant.nl\/es\/sostenible\/","name":"Sostenible - Ten Have Plant","isPartOf":{"@id":"https:\/\/tenhaveplant.nl\/#website"},"datePublished":"2024-07-09T12:52:26+00:00","dateModified":"2024-11-06T10:08:12+00:00","breadcrumb":{"@id":"https:\/\/tenhaveplant.nl\/es\/sostenible\/#breadcrumb"},"inLanguage":"es","potentialAction":[{"@type":"ReadAction","target":["https:\/\/tenhaveplant.nl\/es\/sostenible\/"]}]},{"@type":"BreadcrumbList","@id":"https:\/\/tenhaveplant.nl\/es\/sostenible\/#breadcrumb","itemListElement":[{"@type":"ListItem","position":1,"name":"Home","item":"https:\/\/tenhaveplant.nl\/es\/inicio\/"},{"@type":"ListItem","position":2,"name":"Sostenible"}]},{"@type":"WebSite","@id":"https:\/\/tenhaveplant.nl\/#website","url":"https:\/\/tenhaveplant.nl\/","name":"Ten Have Plant","description":"","publisher":{"@id":"https:\/\/tenhaveplant.nl\/#organization"},"potentialAction":[{"@type":"SearchAction","target":{"@type":"EntryPoint","urlTemplate":"https:\/\/tenhaveplant.nl\/?s={search_term_string}"},"query-input":{"@type":"PropertyValueSpecification","valueRequired":true,"valueName":"search_term_string"}}],"inLanguage":"es"},{"@type":"Organization","@id":"https:\/\/tenhaveplant.nl\/#organization","name":"Ten Have Plant","url":"https:\/\/tenhaveplant.nl\/","logo":{"@type":"ImageObject","inLanguage":"es","@id":"https:\/\/tenhaveplant.nl\/#\/schema\/logo\/image\/","url":"https:\/\/tenhaveplant.nl\/wp-content\/uploads\/2024\/10\/Middel-1-ten-have-plant.svg","contentUrl":"https:\/\/tenhaveplant.nl\/wp-content\/uploads\/2024\/10\/Middel-1-ten-have-plant.svg","width":537,"height":537,"caption":"Ten Have Plant"},"image":{"@id":"https:\/\/tenhaveplant.nl\/#\/schema\/logo\/image\/"}}]}},"_links":{"self":[{"href":"https:\/\/tenhaveplant.nl\/es\/wp-json\/wp\/v2\/pages\/2423","targetHints":{"allow":["GET"]}}],"collection":[{"href":"https:\/\/tenhaveplant.nl\/es\/wp-json\/wp\/v2\/pages"}],"about":[{"href":"https:\/\/tenhaveplant.nl\/es\/wp-json\/wp\/v2\/types\/page"}],"author":[{"embeddable":true,"href":"https:\/\/tenhaveplant.nl\/es\/wp-json\/wp\/v2\/users\/1"}],"replies":[{"embeddable":true,"href":"https:\/\/tenhaveplant.nl\/es\/wp-json\/wp\/v2\/comments?post=2423"}],"version-history":[{"count":1,"href":"https:\/\/tenhaveplant.nl\/es\/wp-json\/wp\/v2\/pages\/2423\/revisions"}],"predecessor-version":[{"id":2425,"href":"https:\/\/tenhaveplant.nl\/es\/wp-json\/wp\/v2\/pages\/2423\/revisions\/2425"}],"wp:attachment":[{"href":"https:\/\/tenhaveplant.nl\/es\/wp-json\/wp\/v2\/media?parent=2423"}],"curies":[{"name":"wp","href":"https:\/\/api.w.org\/{rel}","templated":true}]}}