{"id":2420,"date":"2024-07-09T12:52:52","date_gmt":"2024-07-09T12:52:52","guid":{"rendered":"https:\/\/tenhaveplant.nl\/trabajar-en\/"},"modified":"2024-11-06T10:08:12","modified_gmt":"2024-11-06T10:08:12","slug":"trabajar-en","status":"publish","type":"page","link":"https:\/\/tenhaveplant.nl\/es\/trabajar-en\/","title":{"rendered":"Trabajar en"},"content":{"rendered":"\t\t<div data-elementor-type=\"wp-page\" data-elementor-id=\"2420\" class=\"elementor elementor-2420 elementor-56\" data-elementor-post-type=\"page\">\n\t\t\t\t<div class=\"elementor-element elementor-element-e9cfd46 e-flex e-con-boxed e-con e-parent\" data-id=\"e9cfd46\" data-element_type=\"container\" data-e-type=\"container\">\n\t\t\t\t\t<div class=\"e-con-inner\">\n\t\t<div class=\"elementor-element elementor-element-c0174a4 e-con-full e-flex e-con e-child\" data-id=\"c0174a4\" data-element_type=\"container\" data-e-type=\"container\">\n\t\t\t\t<div class=\"elementor-element elementor-element-ab3a270 elementor-widget elementor-widget-heading\" data-id=\"ab3a270\" data-element_type=\"widget\" data-e-type=\"widget\" data-widget_type=\"heading.default\">\n\t\t\t\t<div class=\"elementor-widget-container\">\n\t\t\t\t\t<h1 class=\"elementor-heading-title elementor-size-default\">Trabajar en<br>Ten Have Plant<\/h1>\t\t\t\t<\/div>\n\t\t\t\t<\/div>\n\t\t\t\t<div class=\"elementor-element elementor-element-3010aab elementor-widget elementor-widget-text-editor\" data-id=\"3010aab\" data-element_type=\"widget\" data-e-type=\"widget\" data-widget_type=\"text-editor.default\">\n\t\t\t\t<div class=\"elementor-widget-container\">\n\t\t\t\t\t\t\t\t\t<p>Nuestra gente, nuestros socios: tenemos una estrecha relaci\u00f3n con todos los que trabajan aqu\u00ed. En consonancia con la empresa familiar que somos, la gente lleva trabajando aqu\u00ed 10, 15, 25 a\u00f1os. Un grupo leal de personas que se lo pasan bien juntas y tambi\u00e9n hacen cosas juntas en privado. Todo el mundo vive cerca de nuestra empresa, as\u00ed que aqu\u00ed es realmente Westland.   <\/p>\n<p><strong> Ten Have Plant<br \/>La gente de<\/strong>At <strong>Ten Have Plant trabajan 15 taponadores y 2 planificadores del trabajo que, por ejemplo, preparan las macetas, doblan las cajas y colocan los soportes de las plantas. El cuidado del cultivo de las plantas madre est\u00e1 en manos de 1 empleado y tenemos 2 personas que enmacetan y colocan. El embalaje lo realizan 6 personas, en la oficina 2 personas se ocupan de todos los asuntos perif\u00e9ricos importantes y la direcci\u00f3n est\u00e1 formada por 3 empleados.<\/strong>  <\/p>\n\t\t\t\t\t\t\t\t<\/div>\n\t\t\t\t<\/div>\n\t\t\t\t<\/div>\n\t\t<div class=\"elementor-element elementor-element-a547c07 e-con-full e-flex e-con e-child\" data-id=\"a547c07\" data-element_type=\"container\" data-e-type=\"container\">\n\t\t\t\t<div class=\"elementor-element elementor-element-bd49de6 elementor-widget elementor-widget-spacer\" data-id=\"bd49de6\" data-element_type=\"widget\" data-e-type=\"widget\" data-widget_type=\"spacer.default\">\n\t\t\t\t<div class=\"elementor-widget-container\">\n\t\t\t\t\t\t\t<div class=\"elementor-spacer\">\n\t\t\t<div class=\"elementor-spacer-inner\"><\/div>\n\t\t<\/div>\n\t\t\t\t\t\t<\/div>\n\t\t\t\t<\/div>\n\t\t\t\t<\/div>\n\t\t\t\t\t<\/div>\n\t\t\t\t<\/div>\n\t\t<div class=\"elementor-element elementor-element-c643cad e-flex e-con-boxed e-con e-parent\" data-id=\"c643cad\" data-element_type=\"container\" data-e-type=\"container\">\n\t\t\t\t\t<div class=\"e-con-inner\">\n\t\t\t\t<div class=\"elementor-element elementor-element-b1365ed elementor-widget elementor-widget-heading\" data-id=\"b1365ed\" data-element_type=\"widget\" data-e-type=\"widget\" data-widget_type=\"heading.default\">\n\t\t\t\t<div class=\"elementor-widget-container\">\n\t\t\t\t\t<h2 class=\"elementor-heading-title elementor-size-default\">\u00bfTe unir\u00e1s t\u00fa tambi\u00e9n a nosotros y crecer\u00e1s?<\/h2>\t\t\t\t<\/div>\n\t\t\t\t<\/div>\n\t\t\t\t<div class=\"elementor-element elementor-element-0e4b1cf elementor-widget__width-initial elementor-widget elementor-widget-text-editor\" data-id=\"0e4b1cf\" data-element_type=\"widget\" data-e-type=\"widget\" data-widget_type=\"text-editor.default\">\n\t\t\t\t<div class=\"elementor-widget-container\">\n\t\t\t\t\t\t\t\t\t<p>\u00bfTe ves trabajando en Ten Have Plant? \u00bfTambi\u00e9n quieres ir a por las plantas de mejor calidad para nuestros clientes y seguir pas\u00e1ndotelo bien? \u00a1En esta p\u00e1gina puedes ver si necesitamos gente!  <\/p>\n\t\t\t\t\t\t\t\t<\/div>\n\t\t\t\t<\/div>\n\t\t\t\t\t<\/div>\n\t\t\t\t<\/div>\n\t\t<div class=\"elementor-element elementor-element-fc8aa0e e-flex e-con-boxed e-con e-parent\" data-id=\"fc8aa0e\" data-element_type=\"container\" data-e-type=\"container\">\n\t\t\t\t\t<div class=\"e-con-inner\">\n\t\t\t\t<div class=\"elementor-element elementor-element-e71e51b elementor-grid-3 elementor-grid-tablet-2 elementor-grid-mobile-1 elementor-widget elementor-widget-loop-grid\" data-id=\"e71e51b\" data-element_type=\"widget\" data-e-type=\"widget\" data-settings=\"{&quot;template_id&quot;:2580,&quot;_skin&quot;:&quot;post&quot;,&quot;columns&quot;:&quot;3&quot;,&quot;columns_tablet&quot;:&quot;2&quot;,&quot;columns_mobile&quot;:&quot;1&quot;,&quot;edit_handle_selector&quot;:&quot;[data-elementor-type=\\&quot;loop-item\\&quot;]&quot;,&quot;row_gap&quot;:{&quot;unit&quot;:&quot;px&quot;,&quot;size&quot;:&quot;&quot;,&quot;sizes&quot;:[]},&quot;row_gap_tablet&quot;:{&quot;unit&quot;:&quot;px&quot;,&quot;size&quot;:&quot;&quot;,&quot;sizes&quot;:[]},&quot;row_gap_mobile&quot;:{&quot;unit&quot;:&quot;px&quot;,&quot;size&quot;:&quot;&quot;,&quot;sizes&quot;:[]}}\" data-widget_type=\"loop-grid.post\">\n\t\t\t\t<div class=\"elementor-widget-container\">\n\t\t\t\t\t\t\t<div class=\"elementor-loop-container elementor-grid\" role=\"list\">\n\t\t<style id=\"loop-2580\">.elementor-2580 .elementor-element.elementor-element-f03f9b9{--display:flex;--flex-direction:column;--container-widget-width:100%;--container-widget-height:initial;--container-widget-flex-grow:0;--container-widget-align-self:initial;--flex-wrap-mobile:wrap;--justify-content:space-between;--border-radius:50px 50px 50px 50px;--padding-top:10%;--padding-bottom:10%;--padding-left:10%;--padding-right:10%;}.elementor-2580 .elementor-element.elementor-element-f03f9b9:not(.elementor-motion-effects-element-type-background), .elementor-2580 .elementor-element.elementor-element-f03f9b9 > .elementor-motion-effects-container > .elementor-motion-effects-layer{background-color:var( --e-global-color-08e79b5 );}.elementor-2580 .elementor-element.elementor-element-f03f9b9.e-con{--align-self:stretch;}.elementor-2580 .elementor-element.elementor-element-9510134{--display:flex;}.elementor-widget-text-editor{font-family:var( --e-global-typography-text-font-family ), Sans-serif;font-weight:var( --e-global-typography-text-font-weight );color:var( --e-global-color-text );}.elementor-widget-text-editor.elementor-drop-cap-view-stacked .elementor-drop-cap{background-color:var( --e-global-color-primary );}.elementor-widget-text-editor.elementor-drop-cap-view-framed .elementor-drop-cap, .elementor-widget-text-editor.elementor-drop-cap-view-default .elementor-drop-cap{color:var( --e-global-color-primary );border-color:var( --e-global-color-primary );}.elementor-2580 .elementor-element.elementor-element-8b4bbbd{font-family:\"Noto Sans\", Sans-serif;font-weight:700;color:var( --e-global-color-primary );}.elementor-2580 .elementor-element.elementor-element-1c5fb20{color:var( --e-global-color-primary );}.elementor-2580 .elementor-element.elementor-element-360db54{--spacer-size:20px;}.elementor-widget-button .elementor-button{font-family:var( --e-global-typography-accent-font-family ), Sans-serif;font-weight:var( --e-global-typography-accent-font-weight );background-color:var( --e-global-color-accent );}.elementor-2580 .elementor-element.elementor-element-5f515ee .elementor-button{fill:var( --e-global-color-08e79b5 );color:var( --e-global-color-08e79b5 );background-color:var( --e-global-color-text );border-style:solid;border-width:2px 2px 2px 2px;border-color:var( --e-global-color-text );}.elementor-2580 .elementor-element.elementor-element-5f515ee .elementor-button:hover, .elementor-2580 .elementor-element.elementor-element-5f515ee .elementor-button:focus{color:var( --e-global-color-primary );background-color:var( --e-global-color-08e79b5 );border-color:var( --e-global-color-primary );}.elementor-2580 .elementor-element.elementor-element-5f515ee .elementor-button:hover svg, .elementor-2580 .elementor-element.elementor-element-5f515ee .elementor-button:focus svg{fill:var( --e-global-color-primary );}<\/style>\t\t<div data-elementor-type=\"loop-item\" data-elementor-id=\"2580\" class=\"elementor elementor-2580 elementor-1088 elementor-1088 e-loop-item e-loop-item-3205 post-3205 vacature type-vacature status-publish hentry\" data-elementor-post-type=\"elementor_library\" data-custom-edit-handle=\"1\">\n\t\t\t<div class=\"elementor-element elementor-element-f03f9b9 e-con-full e-flex e-con e-parent\" data-id=\"f03f9b9\" data-element_type=\"container\" data-e-type=\"container\" data-settings=\"{&quot;background_background&quot;:&quot;classic&quot;}\">\n\t\t<div class=\"elementor-element elementor-element-9510134 e-con-full e-flex e-con e-child\" data-id=\"9510134\" data-element_type=\"container\" data-e-type=\"container\">\n\t\t\t\t<div class=\"elementor-element elementor-element-8b4bbbd elementor-widget elementor-widget-text-editor\" data-id=\"8b4bbbd\" data-element_type=\"widget\" data-e-type=\"widget\" data-widget_type=\"text-editor.default\">\n\t\t\t\t<div class=\"elementor-widget-container\">\n\t\t\t\t\t\t\t\t\tTrabajador agr\u00edcola\t\t\t\t\t\t\t\t<\/div>\n\t\t\t\t<\/div>\n\t\t\t\t<div class=\"elementor-element elementor-element-1c5fb20 elementor-widget elementor-widget-text-editor\" data-id=\"1c5fb20\" data-element_type=\"widget\" data-e-type=\"widget\" data-widget_type=\"text-editor.default\">\n\t\t\t\t<div class=\"elementor-widget-container\">\n\t\t\t\t\t\t\t\t\tWij zijn op zoek naar een parttime stekmedewerkster voor 12-16 uur per week, voor het stekken van Campanula&#8217;s.\t\t\t\t\t\t\t\t<\/div>\n\t\t\t\t<\/div>\n\t\t\t\t<\/div>\n\t\t\t\t<div class=\"elementor-element elementor-element-360db54 elementor-widget elementor-widget-spacer\" data-id=\"360db54\" data-element_type=\"widget\" data-e-type=\"widget\" data-widget_type=\"spacer.default\">\n\t\t\t\t<div class=\"elementor-widget-container\">\n\t\t\t\t\t\t\t<div class=\"elementor-spacer\">\n\t\t\t<div class=\"elementor-spacer-inner\"><\/div>\n\t\t<\/div>\n\t\t\t\t\t\t<\/div>\n\t\t\t\t<\/div>\n\t\t\t\t<div class=\"elementor-element elementor-element-5f515ee elementor-widget elementor-widget-button\" data-id=\"5f515ee\" data-element_type=\"widget\" data-e-type=\"widget\" data-widget_type=\"button.default\">\n\t\t\t\t<div class=\"elementor-widget-container\">\n\t\t\t\t\t\t\t\t\t<div class=\"elementor-button-wrapper\">\n\t\t\t\t\t<a class=\"elementor-button elementor-button-link elementor-size-sm\" href=\"https:\/\/tenhaveplant.nl\/es\/vacature\/trabajador-agricola\/\">\n\t\t\t\t\t\t<span class=\"elementor-button-content-wrapper\">\n\t\t\t\t\t\t\t\t\t<span class=\"elementor-button-text\">Solicitar ahora<\/span>\n\t\t\t\t\t<\/span>\n\t\t\t\t\t<\/a>\n\t\t\t\t<\/div>\n\t\t\t\t\t\t\t\t<\/div>\n\t\t\t\t<\/div>\n\t\t\t\t<\/div>\n\t\t\t\t<\/div>\n\t\t\t\t<div data-elementor-type=\"loop-item\" data-elementor-id=\"2580\" class=\"elementor elementor-2580 elementor-1088 elementor-1088 e-loop-item e-loop-item-3199 post-3199 vacature type-vacature status-publish hentry\" data-elementor-post-type=\"elementor_library\" data-custom-edit-handle=\"1\">\n\t\t\t<div class=\"elementor-element elementor-element-f03f9b9 e-con-full e-flex e-con e-parent\" data-id=\"f03f9b9\" data-element_type=\"container\" data-e-type=\"container\" data-settings=\"{&quot;background_background&quot;:&quot;classic&quot;}\">\n\t\t<div class=\"elementor-element elementor-element-9510134 e-con-full e-flex e-con e-child\" data-id=\"9510134\" data-element_type=\"container\" data-e-type=\"container\">\n\t\t\t\t<div class=\"elementor-element elementor-element-8b4bbbd elementor-widget elementor-widget-text-editor\" data-id=\"8b4bbbd\" data-element_type=\"widget\" data-e-type=\"widget\" data-widget_type=\"text-editor.default\">\n\t\t\t\t<div class=\"elementor-widget-container\">\n\t\t\t\t\t\t\t\t\tTrabajador agr\u00edcola\t\t\t\t\t\t\t\t<\/div>\n\t\t\t\t<\/div>\n\t\t\t\t<\/div>\n\t\t\t\t<div class=\"elementor-element elementor-element-360db54 elementor-widget elementor-widget-spacer\" data-id=\"360db54\" data-element_type=\"widget\" data-e-type=\"widget\" data-widget_type=\"spacer.default\">\n\t\t\t\t<div class=\"elementor-widget-container\">\n\t\t\t\t\t\t\t<div class=\"elementor-spacer\">\n\t\t\t<div class=\"elementor-spacer-inner\"><\/div>\n\t\t<\/div>\n\t\t\t\t\t\t<\/div>\n\t\t\t\t<\/div>\n\t\t\t\t<div class=\"elementor-element elementor-element-5f515ee elementor-widget elementor-widget-button\" data-id=\"5f515ee\" data-element_type=\"widget\" data-e-type=\"widget\" data-widget_type=\"button.default\">\n\t\t\t\t<div class=\"elementor-widget-container\">\n\t\t\t\t\t\t\t\t\t<div class=\"elementor-button-wrapper\">\n\t\t\t\t\t<a class=\"elementor-button elementor-button-link elementor-size-sm\" href=\"https:\/\/tenhaveplant.nl\/es\/vacature\/empleado-de-corte\/\">\n\t\t\t\t\t\t<span class=\"elementor-button-content-wrapper\">\n\t\t\t\t\t\t\t\t\t<span class=\"elementor-button-text\">Solicitar ahora<\/span>\n\t\t\t\t\t<\/span>\n\t\t\t\t\t<\/a>\n\t\t\t\t<\/div>\n\t\t\t\t\t\t\t\t<\/div>\n\t\t\t\t<\/div>\n\t\t\t\t<\/div>\n\t\t\t\t<\/div>\n\t\t\t\t<div data-elementor-type=\"loop-item\" data-elementor-id=\"2580\" class=\"elementor elementor-2580 elementor-1088 elementor-1088 e-loop-item e-loop-item-3096 post-3096 vacature type-vacature status-publish hentry\" data-elementor-post-type=\"elementor_library\" data-custom-edit-handle=\"1\">\n\t\t\t<div class=\"elementor-element elementor-element-f03f9b9 e-con-full e-flex e-con e-parent\" data-id=\"f03f9b9\" data-element_type=\"container\" data-e-type=\"container\" data-settings=\"{&quot;background_background&quot;:&quot;classic&quot;}\">\n\t\t<div class=\"elementor-element elementor-element-9510134 e-con-full e-flex e-con e-child\" data-id=\"9510134\" data-element_type=\"container\" data-e-type=\"container\">\n\t\t\t\t<div class=\"elementor-element elementor-element-8b4bbbd elementor-widget elementor-widget-text-editor\" data-id=\"8b4bbbd\" data-element_type=\"widget\" data-e-type=\"widget\" data-widget_type=\"text-editor.default\">\n\t\t\t\t<div class=\"elementor-widget-container\">\n\t\t\t\t\t\t\t\t\tVacante Empleado de producci\u00f3n\t\t\t\t\t\t\t\t<\/div>\n\t\t\t\t<\/div>\n\t\t\t\t<div class=\"elementor-element elementor-element-1c5fb20 elementor-widget elementor-widget-text-editor\" data-id=\"1c5fb20\" data-element_type=\"widget\" data-e-type=\"widget\" data-widget_type=\"text-editor.default\">\n\t\t\t\t<div class=\"elementor-widget-container\">\n\t\t\t\t\t\t\t\t\tBen jij een aanpakker uit de buurt van Honselersdijk en hou je van werken met je handen in een gezellige werksfeer? Bij Ten Have Plant \u2013 een modern familiebedrijf in bloeiende potplanten \u2013 zoeken we een fulltime collega die helpt met het verkoopklaar maken van onze planten. Afwisselend werk, een hecht team en een mooi salaris wachten op je!\t\t\t\t\t\t\t\t<\/div>\n\t\t\t\t<\/div>\n\t\t\t\t<\/div>\n\t\t\t\t<div class=\"elementor-element elementor-element-360db54 elementor-widget elementor-widget-spacer\" data-id=\"360db54\" data-element_type=\"widget\" data-e-type=\"widget\" data-widget_type=\"spacer.default\">\n\t\t\t\t<div class=\"elementor-widget-container\">\n\t\t\t\t\t\t\t<div class=\"elementor-spacer\">\n\t\t\t<div class=\"elementor-spacer-inner\"><\/div>\n\t\t<\/div>\n\t\t\t\t\t\t<\/div>\n\t\t\t\t<\/div>\n\t\t\t\t<div class=\"elementor-element elementor-element-5f515ee elementor-widget elementor-widget-button\" data-id=\"5f515ee\" data-element_type=\"widget\" data-e-type=\"widget\" data-widget_type=\"button.default\">\n\t\t\t\t<div class=\"elementor-widget-container\">\n\t\t\t\t\t\t\t\t\t<div class=\"elementor-button-wrapper\">\n\t\t\t\t\t<a class=\"elementor-button elementor-button-link elementor-size-sm\" href=\"https:\/\/tenhaveplant.nl\/es\/vacature\/vacante-empleado-de-produccion\/\">\n\t\t\t\t\t\t<span class=\"elementor-button-content-wrapper\">\n\t\t\t\t\t\t\t\t\t<span class=\"elementor-button-text\">Solicitar ahora<\/span>\n\t\t\t\t\t<\/span>\n\t\t\t\t\t<\/a>\n\t\t\t\t<\/div>\n\t\t\t\t\t\t\t\t<\/div>\n\t\t\t\t<\/div>\n\t\t\t\t<\/div>\n\t\t\t\t<\/div>\n\t\t\t\t<div data-elementor-type=\"loop-item\" data-elementor-id=\"2580\" class=\"elementor elementor-2580 elementor-1088 elementor-1088 e-loop-item e-loop-item-2570 post-2570 vacature type-vacature status-publish hentry\" data-elementor-post-type=\"elementor_library\" data-custom-edit-handle=\"1\">\n\t\t\t<div class=\"elementor-element elementor-element-f03f9b9 e-con-full e-flex e-con e-parent\" data-id=\"f03f9b9\" data-element_type=\"container\" data-e-type=\"container\" data-settings=\"{&quot;background_background&quot;:&quot;classic&quot;}\">\n\t\t<div class=\"elementor-element elementor-element-9510134 e-con-full e-flex e-con e-child\" data-id=\"9510134\" data-element_type=\"container\" data-e-type=\"container\">\n\t\t\t\t<div class=\"elementor-element elementor-element-8b4bbbd elementor-widget elementor-widget-text-editor\" data-id=\"8b4bbbd\" data-element_type=\"widget\" data-e-type=\"widget\" data-widget_type=\"text-editor.default\">\n\t\t\t\t<div class=\"elementor-widget-container\">\n\t\t\t\t\t\t\t\t\tSolicitud abierta\t\t\t\t\t\t\t\t<\/div>\n\t\t\t\t<\/div>\n\t\t\t\t<\/div>\n\t\t\t\t<div class=\"elementor-element elementor-element-360db54 elementor-widget elementor-widget-spacer\" data-id=\"360db54\" data-element_type=\"widget\" data-e-type=\"widget\" data-widget_type=\"spacer.default\">\n\t\t\t\t<div class=\"elementor-widget-container\">\n\t\t\t\t\t\t\t<div class=\"elementor-spacer\">\n\t\t\t<div class=\"elementor-spacer-inner\"><\/div>\n\t\t<\/div>\n\t\t\t\t\t\t<\/div>\n\t\t\t\t<\/div>\n\t\t\t\t<div class=\"elementor-element elementor-element-5f515ee elementor-widget elementor-widget-button\" data-id=\"5f515ee\" data-element_type=\"widget\" data-e-type=\"widget\" data-widget_type=\"button.default\">\n\t\t\t\t<div class=\"elementor-widget-container\">\n\t\t\t\t\t\t\t\t\t<div class=\"elementor-button-wrapper\">\n\t\t\t\t\t<a class=\"elementor-button elementor-button-link elementor-size-sm\" href=\"https:\/\/tenhaveplant.nl\/es\/vacature\/solicitud-abierta\/\">\n\t\t\t\t\t\t<span class=\"elementor-button-content-wrapper\">\n\t\t\t\t\t\t\t\t\t<span class=\"elementor-button-text\">Solicitar ahora<\/span>\n\t\t\t\t\t<\/span>\n\t\t\t\t\t<\/a>\n\t\t\t\t<\/div>\n\t\t\t\t\t\t\t\t<\/div>\n\t\t\t\t<\/div>\n\t\t\t\t<\/div>\n\t\t\t\t<\/div>\n\t\t\t\t<\/div>\n\t\t\n\t\t\t\t\t\t<\/div>\n\t\t\t\t<\/div>\n\t\t\t\t\t<\/div>\n\t\t\t\t<\/div>\n\t\t\t\t<\/div>\n\t\t","protected":false},"excerpt":{"rendered":"<p>Trabajar enTen Have Plant Nuestra gente, nuestros socios: tenemos una estrecha relaci\u00f3n con todos los que trabajan aqu\u00ed. En consonancia con la empresa familiar que somos, la gente lleva trabajando aqu\u00ed 10, 15, 25 a\u00f1os. Un grupo leal de personas que se lo pasan bien juntas y tambi\u00e9n hacen cosas juntas en privado. Todo el [&hellip;]<\/p>\n","protected":false},"author":1,"featured_media":0,"parent":0,"menu_order":0,"comment_status":"closed","ping_status":"closed","template":"","meta":{"footnotes":""},"class_list":["post-2420","page","type-page","status-publish","hentry"],"yoast_head":"<!-- This site is optimized with the Yoast SEO plugin v27.2 - https:\/\/yoast.com\/product\/yoast-seo-wordpress\/ -->\n<title>Trabajar en - Ten Have Plant<\/title>\n<meta name=\"robots\" content=\"index, follow, max-snippet:-1, max-image-preview:large, max-video-preview:-1\" \/>\n<link rel=\"canonical\" href=\"https:\/\/tenhaveplant.nl\/es\/trabajar-en\/\" \/>\n<meta property=\"og:locale\" content=\"es_ES\" \/>\n<meta property=\"og:type\" content=\"article\" \/>\n<meta property=\"og:title\" content=\"Trabajar en - Ten Have Plant\" \/>\n<meta property=\"og:description\" content=\"Trabajar enTen Have Plant Nuestra gente, nuestros socios: tenemos una estrecha relaci\u00f3n con todos los que trabajan aqu\u00ed. En consonancia con la empresa familiar que somos, la gente lleva trabajando aqu\u00ed 10, 15, 25 a\u00f1os. Un grupo leal de personas que se lo pasan bien juntas y tambi\u00e9n hacen cosas juntas en privado. Todo el [&hellip;]\" \/>\n<meta property=\"og:url\" content=\"https:\/\/tenhaveplant.nl\/es\/trabajar-en\/\" \/>\n<meta property=\"og:site_name\" content=\"Ten Have Plant\" \/>\n<meta property=\"article:modified_time\" content=\"2024-11-06T10:08:12+00:00\" \/>\n<meta name=\"twitter:card\" content=\"summary_large_image\" \/>\n<meta name=\"twitter:label1\" content=\"Tiempo de lectura\" \/>\n\t<meta name=\"twitter:data1\" content=\"1 minuto\" \/>\n<script type=\"application\/ld+json\" class=\"yoast-schema-graph\">{\"@context\":\"https:\/\/schema.org\",\"@graph\":[{\"@type\":\"WebPage\",\"@id\":\"https:\/\/tenhaveplant.nl\/es\/trabajar-en\/\",\"url\":\"https:\/\/tenhaveplant.nl\/es\/trabajar-en\/\",\"name\":\"Trabajar en - Ten Have Plant\",\"isPartOf\":{\"@id\":\"https:\/\/tenhaveplant.nl\/#website\"},\"datePublished\":\"2024-07-09T12:52:52+00:00\",\"dateModified\":\"2024-11-06T10:08:12+00:00\",\"breadcrumb\":{\"@id\":\"https:\/\/tenhaveplant.nl\/es\/trabajar-en\/#breadcrumb\"},\"inLanguage\":\"es\",\"potentialAction\":[{\"@type\":\"ReadAction\",\"target\":[\"https:\/\/tenhaveplant.nl\/es\/trabajar-en\/\"]}]},{\"@type\":\"BreadcrumbList\",\"@id\":\"https:\/\/tenhaveplant.nl\/es\/trabajar-en\/#breadcrumb\",\"itemListElement\":[{\"@type\":\"ListItem\",\"position\":1,\"name\":\"Home\",\"item\":\"https:\/\/tenhaveplant.nl\/es\/inicio\/\"},{\"@type\":\"ListItem\",\"position\":2,\"name\":\"Trabajar en\"}]},{\"@type\":\"WebSite\",\"@id\":\"https:\/\/tenhaveplant.nl\/#website\",\"url\":\"https:\/\/tenhaveplant.nl\/\",\"name\":\"Ten Have Plant\",\"description\":\"\",\"publisher\":{\"@id\":\"https:\/\/tenhaveplant.nl\/#organization\"},\"potentialAction\":[{\"@type\":\"SearchAction\",\"target\":{\"@type\":\"EntryPoint\",\"urlTemplate\":\"https:\/\/tenhaveplant.nl\/?s={search_term_string}\"},\"query-input\":{\"@type\":\"PropertyValueSpecification\",\"valueRequired\":true,\"valueName\":\"search_term_string\"}}],\"inLanguage\":\"es\"},{\"@type\":\"Organization\",\"@id\":\"https:\/\/tenhaveplant.nl\/#organization\",\"name\":\"Ten Have Plant\",\"url\":\"https:\/\/tenhaveplant.nl\/\",\"logo\":{\"@type\":\"ImageObject\",\"inLanguage\":\"es\",\"@id\":\"https:\/\/tenhaveplant.nl\/#\/schema\/logo\/image\/\",\"url\":\"https:\/\/tenhaveplant.nl\/wp-content\/uploads\/2024\/10\/Middel-1-ten-have-plant.svg\",\"contentUrl\":\"https:\/\/tenhaveplant.nl\/wp-content\/uploads\/2024\/10\/Middel-1-ten-have-plant.svg\",\"width\":537,\"height\":537,\"caption\":\"Ten Have Plant\"},\"image\":{\"@id\":\"https:\/\/tenhaveplant.nl\/#\/schema\/logo\/image\/\"}}]}<\/script>\n<!-- \/ Yoast SEO plugin. -->","yoast_head_json":{"title":"Trabajar en - Ten Have Plant","robots":{"index":"index","follow":"follow","max-snippet":"max-snippet:-1","max-image-preview":"max-image-preview:large","max-video-preview":"max-video-preview:-1"},"canonical":"https:\/\/tenhaveplant.nl\/es\/trabajar-en\/","og_locale":"es_ES","og_type":"article","og_title":"Trabajar en - Ten Have Plant","og_description":"Trabajar enTen Have Plant Nuestra gente, nuestros socios: tenemos una estrecha relaci\u00f3n con todos los que trabajan aqu\u00ed. En consonancia con la empresa familiar que somos, la gente lleva trabajando aqu\u00ed 10, 15, 25 a\u00f1os. Un grupo leal de personas que se lo pasan bien juntas y tambi\u00e9n hacen cosas juntas en privado. Todo el [&hellip;]","og_url":"https:\/\/tenhaveplant.nl\/es\/trabajar-en\/","og_site_name":"Ten Have Plant","article_modified_time":"2024-11-06T10:08:12+00:00","twitter_card":"summary_large_image","twitter_misc":{"Tiempo de lectura":"1 minuto"},"schema":{"@context":"https:\/\/schema.org","@graph":[{"@type":"WebPage","@id":"https:\/\/tenhaveplant.nl\/es\/trabajar-en\/","url":"https:\/\/tenhaveplant.nl\/es\/trabajar-en\/","name":"Trabajar en - Ten Have Plant","isPartOf":{"@id":"https:\/\/tenhaveplant.nl\/#website"},"datePublished":"2024-07-09T12:52:52+00:00","dateModified":"2024-11-06T10:08:12+00:00","breadcrumb":{"@id":"https:\/\/tenhaveplant.nl\/es\/trabajar-en\/#breadcrumb"},"inLanguage":"es","potentialAction":[{"@type":"ReadAction","target":["https:\/\/tenhaveplant.nl\/es\/trabajar-en\/"]}]},{"@type":"BreadcrumbList","@id":"https:\/\/tenhaveplant.nl\/es\/trabajar-en\/#breadcrumb","itemListElement":[{"@type":"ListItem","position":1,"name":"Home","item":"https:\/\/tenhaveplant.nl\/es\/inicio\/"},{"@type":"ListItem","position":2,"name":"Trabajar en"}]},{"@type":"WebSite","@id":"https:\/\/tenhaveplant.nl\/#website","url":"https:\/\/tenhaveplant.nl\/","name":"Ten Have Plant","description":"","publisher":{"@id":"https:\/\/tenhaveplant.nl\/#organization"},"potentialAction":[{"@type":"SearchAction","target":{"@type":"EntryPoint","urlTemplate":"https:\/\/tenhaveplant.nl\/?s={search_term_string}"},"query-input":{"@type":"PropertyValueSpecification","valueRequired":true,"valueName":"search_term_string"}}],"inLanguage":"es"},{"@type":"Organization","@id":"https:\/\/tenhaveplant.nl\/#organization","name":"Ten Have Plant","url":"https:\/\/tenhaveplant.nl\/","logo":{"@type":"ImageObject","inLanguage":"es","@id":"https:\/\/tenhaveplant.nl\/#\/schema\/logo\/image\/","url":"https:\/\/tenhaveplant.nl\/wp-content\/uploads\/2024\/10\/Middel-1-ten-have-plant.svg","contentUrl":"https:\/\/tenhaveplant.nl\/wp-content\/uploads\/2024\/10\/Middel-1-ten-have-plant.svg","width":537,"height":537,"caption":"Ten Have Plant"},"image":{"@id":"https:\/\/tenhaveplant.nl\/#\/schema\/logo\/image\/"}}]}},"_links":{"self":[{"href":"https:\/\/tenhaveplant.nl\/es\/wp-json\/wp\/v2\/pages\/2420","targetHints":{"allow":["GET"]}}],"collection":[{"href":"https:\/\/tenhaveplant.nl\/es\/wp-json\/wp\/v2\/pages"}],"about":[{"href":"https:\/\/tenhaveplant.nl\/es\/wp-json\/wp\/v2\/types\/page"}],"author":[{"embeddable":true,"href":"https:\/\/tenhaveplant.nl\/es\/wp-json\/wp\/v2\/users\/1"}],"replies":[{"embeddable":true,"href":"https:\/\/tenhaveplant.nl\/es\/wp-json\/wp\/v2\/comments?post=2420"}],"version-history":[{"count":1,"href":"https:\/\/tenhaveplant.nl\/es\/wp-json\/wp\/v2\/pages\/2420\/revisions"}],"predecessor-version":[{"id":2422,"href":"https:\/\/tenhaveplant.nl\/es\/wp-json\/wp\/v2\/pages\/2420\/revisions\/2422"}],"wp:attachment":[{"href":"https:\/\/tenhaveplant.nl\/es\/wp-json\/wp\/v2\/media?parent=2420"}],"curies":[{"name":"wp","href":"https:\/\/api.w.org\/{rel}","templated":true}]}}