{"id":2375,"date":"2024-10-29T15:26:00","date_gmt":"2024-10-29T15:26:00","guid":{"rendered":"https:\/\/tenhaveplant.nl\/tecnologia\/"},"modified":"2024-11-06T10:08:23","modified_gmt":"2024-11-06T10:08:23","slug":"tecnologia","status":"publish","type":"page","link":"https:\/\/tenhaveplant.nl\/es\/sobre-nosotros\/tecnologia\/","title":{"rendered":"Tecnolog\u00eda"},"content":{"rendered":"\t\t<div data-elementor-type=\"wp-page\" data-elementor-id=\"2375\" class=\"elementor elementor-2375 elementor-1478\" data-elementor-post-type=\"page\">\n\t\t\t\t<div class=\"elementor-element elementor-element-623233b9 e-flex e-con-boxed e-con e-parent\" data-id=\"623233b9\" data-element_type=\"container\" data-e-type=\"container\">\n\t\t\t\t\t<div class=\"e-con-inner\">\n\t\t<div class=\"elementor-element elementor-element-2282ecd7 e-con-full e-flex e-con e-child\" data-id=\"2282ecd7\" data-element_type=\"container\" data-e-type=\"container\">\n\t\t\t\t<div class=\"elementor-element elementor-element-6ca2f421 elementor-widget elementor-widget-heading\" data-id=\"6ca2f421\" data-element_type=\"widget\" data-e-type=\"widget\" data-widget_type=\"heading.default\">\n\t\t\t\t<div class=\"elementor-widget-container\">\n\t\t\t\t\t<h1 class=\"elementor-heading-title elementor-size-default\">El cultivo inteligente es mejor para todos<\/h1>\t\t\t\t<\/div>\n\t\t\t\t<\/div>\n\t\t\t\t<div class=\"elementor-element elementor-element-44a2e9f7 elementor-widget elementor-widget-text-editor\" data-id=\"44a2e9f7\" data-element_type=\"widget\" data-e-type=\"widget\" data-widget_type=\"text-editor.default\">\n\t\t\t\t<div class=\"elementor-widget-container\">\n\t\t\t\t\t\t\t\t\t<p>Somos buenos en el trabajo especializado. Adhesivo, trasplante, tres plantas extra maduras, dos extra crudas: atendemos como nadie a clientes que saben exactamente lo que quieren. Gracias a c\u00e1maras inteligentes y a nuestro sistema de pedidos de desarrollo propio, clasificamos de forma muy espec\u00edfica por color, tama\u00f1o y madurez. Seguimos mejorando. Incluso hemos ganado premios con nuestras innovaciones.    <\/p>\n\t\t\t\t\t\t\t\t<\/div>\n\t\t\t\t<\/div>\n\t\t\t\t<\/div>\n\t\t<div class=\"elementor-element elementor-element-1633b216 e-con-full e-flex e-con e-child\" data-id=\"1633b216\" data-element_type=\"container\" data-e-type=\"container\">\n\t\t\t\t<div class=\"elementor-element elementor-element-7a7ea866 elementor-widget elementor-widget-spacer\" data-id=\"7a7ea866\" data-element_type=\"widget\" data-e-type=\"widget\" data-widget_type=\"spacer.default\">\n\t\t\t\t<div class=\"elementor-widget-container\">\n\t\t\t\t\t\t\t<div class=\"elementor-spacer\">\n\t\t\t<div class=\"elementor-spacer-inner\"><\/div>\n\t\t<\/div>\n\t\t\t\t\t\t<\/div>\n\t\t\t\t<\/div>\n\t\t\t\t<\/div>\n\t\t\t\t\t<\/div>\n\t\t\t\t<\/div>\n\t\t<div class=\"elementor-element elementor-element-644c049b e-flex e-con-boxed e-con e-parent\" data-id=\"644c049b\" data-element_type=\"container\" data-e-type=\"container\">\n\t\t\t\t\t<div class=\"e-con-inner\">\n\t\t<div class=\"elementor-element elementor-element-6200f396 e-con-full bg-image-zoom e-flex e-con e-child\" data-id=\"6200f396\" data-element_type=\"container\" data-e-type=\"container\" data-settings=\"{&quot;background_background&quot;:&quot;classic&quot;}\">\n\t\t\t\t<div class=\"elementor-element elementor-element-4b2b9347 elementor-widget elementor-widget-spacer\" data-id=\"4b2b9347\" data-element_type=\"widget\" data-e-type=\"widget\" data-widget_type=\"spacer.default\">\n\t\t\t\t<div class=\"elementor-widget-container\">\n\t\t\t\t\t\t\t<div class=\"elementor-spacer\">\n\t\t\t<div class=\"elementor-spacer-inner\"><\/div>\n\t\t<\/div>\n\t\t\t\t\t\t<\/div>\n\t\t\t\t<\/div>\n\t\t\t\t<\/div>\n\t\t<div class=\"elementor-element elementor-element-7b3e91e0 e-con-full e-flex e-con e-child\" data-id=\"7b3e91e0\" data-element_type=\"container\" data-e-type=\"container\" data-settings=\"{&quot;background_background&quot;:&quot;classic&quot;}\">\n\t\t\t\t<div class=\"elementor-element elementor-element-3ddfbc9b elementor-widget elementor-widget-heading\" data-id=\"3ddfbc9b\" data-element_type=\"widget\" data-e-type=\"widget\" data-widget_type=\"heading.default\">\n\t\t\t\t<div class=\"elementor-widget-container\">\n\t\t\t\t\t<h2 class=\"elementor-heading-title elementor-size-default\">Nuestro propio sistema de pedidos de plantaci\u00f3n<\/h2>\t\t\t\t<\/div>\n\t\t\t\t<\/div>\n\t\t\t\t<div class=\"elementor-element elementor-element-41efe001 elementor-widget elementor-widget-text-editor\" data-id=\"41efe001\" data-element_type=\"widget\" data-e-type=\"widget\" data-widget_type=\"text-editor.default\">\n\t\t\t\t<div class=\"elementor-widget-container\">\n\t\t\t\t\t\t\t\t\t<p>Llega un pedido. Las plantas se clasifican autom\u00e1ticamente por color, tama\u00f1o y madurez deseados. El pedido se convierte en una lista de embalaje, todo se comprueba en la estaci\u00f3n de embalaje. \u00a1Pedido listo! Gracias a nuestro propio sistema de pedidos de plantas -que programamos, adaptamos y mantenemos nosotros mismos-, la tecnolog\u00eda se adapta perfectamente a nuestra forma de trabajar. Y podemos entregar exactamente lo que nos piden.     <\/p>\n\t\t\t\t\t\t\t\t<\/div>\n\t\t\t\t<\/div>\n\t\t\t\t<\/div>\n\t\t\t\t\t<\/div>\n\t\t\t\t<\/div>\n\t\t<div class=\"elementor-element elementor-element-45327e3a e-flex e-con-boxed e-con e-parent\" data-id=\"45327e3a\" data-element_type=\"container\" data-e-type=\"container\">\n\t\t\t\t\t<div class=\"e-con-inner\">\n\t\t<div class=\"elementor-element elementor-element-41dcbd75 e-con-full e-flex e-con e-child\" data-id=\"41dcbd75\" data-element_type=\"container\" data-e-type=\"container\">\n\t\t<div class=\"elementor-element elementor-element-7547a7a2 e-con-full bg-image-zoom e-flex e-con e-child\" data-id=\"7547a7a2\" data-element_type=\"container\" data-e-type=\"container\" data-settings=\"{&quot;background_background&quot;:&quot;classic&quot;}\">\n\t\t\t\t<div class=\"elementor-element elementor-element-11cec00a elementor-widget elementor-widget-spacer\" data-id=\"11cec00a\" data-element_type=\"widget\" data-e-type=\"widget\" data-widget_type=\"spacer.default\">\n\t\t\t\t<div class=\"elementor-widget-container\">\n\t\t\t\t\t\t\t<div class=\"elementor-spacer\">\n\t\t\t<div class=\"elementor-spacer-inner\"><\/div>\n\t\t<\/div>\n\t\t\t\t\t\t<\/div>\n\t\t\t\t<\/div>\n\t\t\t\t<\/div>\n\t\t<div class=\"elementor-element elementor-element-20549166 e-con-full e-flex e-con e-child\" data-id=\"20549166\" data-element_type=\"container\" data-e-type=\"container\" data-settings=\"{&quot;background_background&quot;:&quot;classic&quot;}\">\n\t\t\t\t<div class=\"elementor-element elementor-element-2a8f6a45 elementor-widget elementor-widget-heading\" data-id=\"2a8f6a45\" data-element_type=\"widget\" data-e-type=\"widget\" data-widget_type=\"heading.default\">\n\t\t\t\t<div class=\"elementor-widget-container\">\n\t\t\t\t\t<h3 class=\"elementor-heading-title elementor-size-default\">Ahorro de tiempo y trabajo<\/h3>\t\t\t\t<\/div>\n\t\t\t\t<\/div>\n\t\t\t\t<div class=\"elementor-element elementor-element-27803d30 elementor-widget elementor-widget-text-editor\" data-id=\"27803d30\" data-element_type=\"widget\" data-e-type=\"widget\" data-widget_type=\"text-editor.default\">\n\t\t\t\t<div class=\"elementor-widget-container\">\n\t\t\t\t\t\t\t\t\t<p>La propagaci\u00f3n es un trabajo manual, pero por lo dem\u00e1s todos los procesos son autom\u00e1ticos. Plantamos las macetas con un robot, las m\u00e1quinas las colocan en el invernadero. El riego y el control clim\u00e1tico est\u00e1n controlados por ordenador. Las plantas se recogen mec\u00e1nicamente, seleccionadas por tama\u00f1o, color y madurez mediante c\u00e1maras inteligentes. Nadie tiene que entrar en el invernadero para recoger las plantas. Esto ahorra mucho tiempo y trabajo.     <\/p>\n\t\t\t\t\t\t\t\t<\/div>\n\t\t\t\t<\/div>\n\t\t\t\t<\/div>\n\t\t\t\t<\/div>\n\t\t<div class=\"elementor-element elementor-element-7dd93b06 e-con-full e-flex e-con e-child\" data-id=\"7dd93b06\" data-element_type=\"container\" data-e-type=\"container\">\n\t\t<div class=\"elementor-element elementor-element-71d67b10 e-con-full bg-image-zoom e-flex e-con e-child\" data-id=\"71d67b10\" data-element_type=\"container\" data-e-type=\"container\" data-settings=\"{&quot;background_background&quot;:&quot;classic&quot;}\">\n\t\t\t\t<div class=\"elementor-element elementor-element-3dcd8c30 elementor-widget elementor-widget-spacer\" data-id=\"3dcd8c30\" data-element_type=\"widget\" data-e-type=\"widget\" data-widget_type=\"spacer.default\">\n\t\t\t\t<div class=\"elementor-widget-container\">\n\t\t\t\t\t\t\t<div class=\"elementor-spacer\">\n\t\t\t<div class=\"elementor-spacer-inner\"><\/div>\n\t\t<\/div>\n\t\t\t\t\t\t<\/div>\n\t\t\t\t<\/div>\n\t\t\t\t<\/div>\n\t\t<div class=\"elementor-element elementor-element-5258672d e-con-full e-flex e-con e-child\" data-id=\"5258672d\" data-element_type=\"container\" data-e-type=\"container\" data-settings=\"{&quot;background_background&quot;:&quot;classic&quot;}\">\n\t\t\t\t<div class=\"elementor-element elementor-element-531c66fd elementor-widget elementor-widget-heading\" data-id=\"531c66fd\" data-element_type=\"widget\" data-e-type=\"widget\" data-widget_type=\"heading.default\">\n\t\t\t\t<div class=\"elementor-widget-container\">\n\t\t\t\t\t<h3 class=\"elementor-heading-title elementor-size-default\">Control del microclima<\/h3>\t\t\t\t<\/div>\n\t\t\t\t<\/div>\n\t\t\t\t<div class=\"elementor-element elementor-element-1f07129b elementor-widget elementor-widget-text-editor\" data-id=\"1f07129b\" data-element_type=\"widget\" data-e-type=\"widget\" data-widget_type=\"text-editor.default\">\n\t\t\t\t<div class=\"elementor-widget-container\">\n\t\t\t\t\t\t\t\t\t<p>El cultivo de alta calidad es un trabajo de precisi\u00f3n. Con nuestro sistema de aire de desarrollo propio, nos acercamos mucho a la planta. El sistema insufla aire a trav\u00e9s de orificios en las mesas sobre las que est\u00e1n las plantas. Esto te proporciona un verdadero control del microclima. No puedes estar m\u00e1s cerca de la planta.      <\/p>\n\t\t\t\t\t\t\t\t<\/div>\n\t\t\t\t<\/div>\n\t\t\t\t<\/div>\n\t\t\t\t<\/div>\n\t\t\t\t\t<\/div>\n\t\t\t\t<\/div>\n\t\t\t\t<\/div>\n\t\t","protected":false},"excerpt":{"rendered":"<p>El cultivo inteligente es mejor para todos Somos buenos en el trabajo especializado. Adhesivo, trasplante, tres plantas extra maduras, dos extra crudas: atendemos como nadie a clientes que saben exactamente lo que quieren. Gracias a c\u00e1maras inteligentes y a nuestro sistema de pedidos de desarrollo propio, clasificamos de forma muy espec\u00edfica por color, tama\u00f1o y [&hellip;]<\/p>\n","protected":false},"author":1,"featured_media":0,"parent":2447,"menu_order":0,"comment_status":"closed","ping_status":"closed","template":"","meta":{"footnotes":""},"class_list":["post-2375","page","type-page","status-publish","hentry"],"yoast_head":"<!-- This site is optimized with the Yoast SEO plugin v27.2 - https:\/\/yoast.com\/product\/yoast-seo-wordpress\/ -->\n<title>Tecnolog\u00eda - Ten Have Plant<\/title>\n<meta name=\"robots\" content=\"index, follow, max-snippet:-1, max-image-preview:large, max-video-preview:-1\" \/>\n<link rel=\"canonical\" href=\"https:\/\/tenhaveplant.nl\/es\/sobre-nosotros\/tecnologia\/\" \/>\n<meta property=\"og:locale\" content=\"es_ES\" \/>\n<meta property=\"og:type\" content=\"article\" \/>\n<meta property=\"og:title\" content=\"Tecnolog\u00eda - Ten Have Plant\" \/>\n<meta property=\"og:description\" content=\"El cultivo inteligente es mejor para todos Somos buenos en el trabajo especializado. Adhesivo, trasplante, tres plantas extra maduras, dos extra crudas: atendemos como nadie a clientes que saben exactamente lo que quieren. Gracias a c\u00e1maras inteligentes y a nuestro sistema de pedidos de desarrollo propio, clasificamos de forma muy espec\u00edfica por color, tama\u00f1o y [&hellip;]\" \/>\n<meta property=\"og:url\" content=\"https:\/\/tenhaveplant.nl\/es\/sobre-nosotros\/tecnologia\/\" \/>\n<meta property=\"og:site_name\" content=\"Ten Have Plant\" \/>\n<meta property=\"article:modified_time\" content=\"2024-11-06T10:08:23+00:00\" \/>\n<meta name=\"twitter:card\" content=\"summary_large_image\" \/>\n<meta name=\"twitter:label1\" content=\"Tiempo de lectura\" \/>\n\t<meta name=\"twitter:data1\" content=\"1 minuto\" \/>\n<script type=\"application\/ld+json\" class=\"yoast-schema-graph\">{\"@context\":\"https:\/\/schema.org\",\"@graph\":[{\"@type\":\"WebPage\",\"@id\":\"https:\/\/tenhaveplant.nl\/es\/sobre-nosotros\/tecnologia\/\",\"url\":\"https:\/\/tenhaveplant.nl\/es\/sobre-nosotros\/tecnologia\/\",\"name\":\"Tecnolog\u00eda - Ten Have Plant\",\"isPartOf\":{\"@id\":\"https:\/\/tenhaveplant.nl\/#website\"},\"datePublished\":\"2024-10-29T15:26:00+00:00\",\"dateModified\":\"2024-11-06T10:08:23+00:00\",\"breadcrumb\":{\"@id\":\"https:\/\/tenhaveplant.nl\/es\/sobre-nosotros\/tecnologia\/#breadcrumb\"},\"inLanguage\":\"es\",\"potentialAction\":[{\"@type\":\"ReadAction\",\"target\":[\"https:\/\/tenhaveplant.nl\/es\/sobre-nosotros\/tecnologia\/\"]}]},{\"@type\":\"BreadcrumbList\",\"@id\":\"https:\/\/tenhaveplant.nl\/es\/sobre-nosotros\/tecnologia\/#breadcrumb\",\"itemListElement\":[{\"@type\":\"ListItem\",\"position\":1,\"name\":\"Home\",\"item\":\"https:\/\/tenhaveplant.nl\/es\/inicio\/\"},{\"@type\":\"ListItem\",\"position\":2,\"name\":\"Sobre nosotros\",\"item\":\"https:\/\/tenhaveplant.nl\/es\/sobre-nosotros\/\"},{\"@type\":\"ListItem\",\"position\":3,\"name\":\"Tecnolog\u00eda\"}]},{\"@type\":\"WebSite\",\"@id\":\"https:\/\/tenhaveplant.nl\/#website\",\"url\":\"https:\/\/tenhaveplant.nl\/\",\"name\":\"Ten Have Plant\",\"description\":\"\",\"publisher\":{\"@id\":\"https:\/\/tenhaveplant.nl\/#organization\"},\"potentialAction\":[{\"@type\":\"SearchAction\",\"target\":{\"@type\":\"EntryPoint\",\"urlTemplate\":\"https:\/\/tenhaveplant.nl\/?s={search_term_string}\"},\"query-input\":{\"@type\":\"PropertyValueSpecification\",\"valueRequired\":true,\"valueName\":\"search_term_string\"}}],\"inLanguage\":\"es\"},{\"@type\":\"Organization\",\"@id\":\"https:\/\/tenhaveplant.nl\/#organization\",\"name\":\"Ten Have Plant\",\"url\":\"https:\/\/tenhaveplant.nl\/\",\"logo\":{\"@type\":\"ImageObject\",\"inLanguage\":\"es\",\"@id\":\"https:\/\/tenhaveplant.nl\/#\/schema\/logo\/image\/\",\"url\":\"https:\/\/tenhaveplant.nl\/wp-content\/uploads\/2024\/10\/Middel-1-ten-have-plant.svg\",\"contentUrl\":\"https:\/\/tenhaveplant.nl\/wp-content\/uploads\/2024\/10\/Middel-1-ten-have-plant.svg\",\"width\":537,\"height\":537,\"caption\":\"Ten Have Plant\"},\"image\":{\"@id\":\"https:\/\/tenhaveplant.nl\/#\/schema\/logo\/image\/\"}}]}<\/script>\n<!-- \/ Yoast SEO plugin. -->","yoast_head_json":{"title":"Tecnolog\u00eda - Ten Have Plant","robots":{"index":"index","follow":"follow","max-snippet":"max-snippet:-1","max-image-preview":"max-image-preview:large","max-video-preview":"max-video-preview:-1"},"canonical":"https:\/\/tenhaveplant.nl\/es\/sobre-nosotros\/tecnologia\/","og_locale":"es_ES","og_type":"article","og_title":"Tecnolog\u00eda - Ten Have Plant","og_description":"El cultivo inteligente es mejor para todos Somos buenos en el trabajo especializado. Adhesivo, trasplante, tres plantas extra maduras, dos extra crudas: atendemos como nadie a clientes que saben exactamente lo que quieren. Gracias a c\u00e1maras inteligentes y a nuestro sistema de pedidos de desarrollo propio, clasificamos de forma muy espec\u00edfica por color, tama\u00f1o y [&hellip;]","og_url":"https:\/\/tenhaveplant.nl\/es\/sobre-nosotros\/tecnologia\/","og_site_name":"Ten Have Plant","article_modified_time":"2024-11-06T10:08:23+00:00","twitter_card":"summary_large_image","twitter_misc":{"Tiempo de lectura":"1 minuto"},"schema":{"@context":"https:\/\/schema.org","@graph":[{"@type":"WebPage","@id":"https:\/\/tenhaveplant.nl\/es\/sobre-nosotros\/tecnologia\/","url":"https:\/\/tenhaveplant.nl\/es\/sobre-nosotros\/tecnologia\/","name":"Tecnolog\u00eda - Ten Have Plant","isPartOf":{"@id":"https:\/\/tenhaveplant.nl\/#website"},"datePublished":"2024-10-29T15:26:00+00:00","dateModified":"2024-11-06T10:08:23+00:00","breadcrumb":{"@id":"https:\/\/tenhaveplant.nl\/es\/sobre-nosotros\/tecnologia\/#breadcrumb"},"inLanguage":"es","potentialAction":[{"@type":"ReadAction","target":["https:\/\/tenhaveplant.nl\/es\/sobre-nosotros\/tecnologia\/"]}]},{"@type":"BreadcrumbList","@id":"https:\/\/tenhaveplant.nl\/es\/sobre-nosotros\/tecnologia\/#breadcrumb","itemListElement":[{"@type":"ListItem","position":1,"name":"Home","item":"https:\/\/tenhaveplant.nl\/es\/inicio\/"},{"@type":"ListItem","position":2,"name":"Sobre nosotros","item":"https:\/\/tenhaveplant.nl\/es\/sobre-nosotros\/"},{"@type":"ListItem","position":3,"name":"Tecnolog\u00eda"}]},{"@type":"WebSite","@id":"https:\/\/tenhaveplant.nl\/#website","url":"https:\/\/tenhaveplant.nl\/","name":"Ten Have Plant","description":"","publisher":{"@id":"https:\/\/tenhaveplant.nl\/#organization"},"potentialAction":[{"@type":"SearchAction","target":{"@type":"EntryPoint","urlTemplate":"https:\/\/tenhaveplant.nl\/?s={search_term_string}"},"query-input":{"@type":"PropertyValueSpecification","valueRequired":true,"valueName":"search_term_string"}}],"inLanguage":"es"},{"@type":"Organization","@id":"https:\/\/tenhaveplant.nl\/#organization","name":"Ten Have Plant","url":"https:\/\/tenhaveplant.nl\/","logo":{"@type":"ImageObject","inLanguage":"es","@id":"https:\/\/tenhaveplant.nl\/#\/schema\/logo\/image\/","url":"https:\/\/tenhaveplant.nl\/wp-content\/uploads\/2024\/10\/Middel-1-ten-have-plant.svg","contentUrl":"https:\/\/tenhaveplant.nl\/wp-content\/uploads\/2024\/10\/Middel-1-ten-have-plant.svg","width":537,"height":537,"caption":"Ten Have Plant"},"image":{"@id":"https:\/\/tenhaveplant.nl\/#\/schema\/logo\/image\/"}}]}},"_links":{"self":[{"href":"https:\/\/tenhaveplant.nl\/es\/wp-json\/wp\/v2\/pages\/2375","targetHints":{"allow":["GET"]}}],"collection":[{"href":"https:\/\/tenhaveplant.nl\/es\/wp-json\/wp\/v2\/pages"}],"about":[{"href":"https:\/\/tenhaveplant.nl\/es\/wp-json\/wp\/v2\/types\/page"}],"author":[{"embeddable":true,"href":"https:\/\/tenhaveplant.nl\/es\/wp-json\/wp\/v2\/users\/1"}],"replies":[{"embeddable":true,"href":"https:\/\/tenhaveplant.nl\/es\/wp-json\/wp\/v2\/comments?post=2375"}],"version-history":[{"count":1,"href":"https:\/\/tenhaveplant.nl\/es\/wp-json\/wp\/v2\/pages\/2375\/revisions"}],"predecessor-version":[{"id":2376,"href":"https:\/\/tenhaveplant.nl\/es\/wp-json\/wp\/v2\/pages\/2375\/revisions\/2376"}],"up":[{"embeddable":true,"href":"https:\/\/tenhaveplant.nl\/es\/wp-json\/wp\/v2\/pages\/2447"}],"wp:attachment":[{"href":"https:\/\/tenhaveplant.nl\/es\/wp-json\/wp\/v2\/media?parent=2375"}],"curies":[{"name":"wp","href":"https:\/\/api.w.org\/{rel}","templated":true}]}}