{"id":2431,"date":"2024-07-09T12:52:26","date_gmt":"2024-07-09T12:52:26","guid":{"rendered":"https:\/\/tenhaveplant.nl\/nachhaltig\/"},"modified":"2024-11-06T10:08:12","modified_gmt":"2024-11-06T10:08:12","slug":"nachhaltig","status":"publish","type":"page","link":"https:\/\/tenhaveplant.nl\/de\/nachhaltig\/","title":{"rendered":"Nachhaltig"},"content":{"rendered":"\t\t<div data-elementor-type=\"wp-page\" data-elementor-id=\"2431\" class=\"elementor elementor-2431 elementor-52\" data-elementor-post-type=\"page\">\n\t\t\t\t<div class=\"elementor-element elementor-element-81bb5d0 e-flex e-con-boxed e-con e-parent\" data-id=\"81bb5d0\" data-element_type=\"container\" data-e-type=\"container\">\n\t\t\t\t\t<div class=\"e-con-inner\">\n\t\t<div class=\"elementor-element elementor-element-d0d4e23 e-con-full e-flex e-con e-child\" data-id=\"d0d4e23\" data-element_type=\"container\" data-e-type=\"container\">\n\t\t\t\t<div class=\"elementor-element elementor-element-f830475 elementor-widget elementor-widget-heading\" data-id=\"f830475\" data-element_type=\"widget\" data-e-type=\"widget\" data-widget_type=\"heading.default\">\n\t\t\t\t<div class=\"elementor-widget-container\">\n\t\t\t\t\t<h1 class=\"elementor-heading-title elementor-size-default\">Arbeiten f\u00fcr unseren Planeten<\/h1>\t\t\t\t<\/div>\n\t\t\t\t<\/div>\n\t\t\t\t<div class=\"elementor-element elementor-element-32a6003 elementor-widget elementor-widget-text-editor\" data-id=\"32a6003\" data-element_type=\"widget\" data-e-type=\"widget\" data-widget_type=\"text-editor.default\">\n\t\t\t\t<div class=\"elementor-widget-container\">\n\t\t\t\t\t\t\t\t\t<p>Ein Familienunternehmen, das auf Kontinuit\u00e4t setzt. Die Langstrecke. Das ist nur m\u00f6glich, wenn Sie die Zukunft unseres Planeten im Blick haben. Deshalb m\u00f6chten wir die Welt innerhalb und au\u00dferhalb unseres Unternehmens jeden Tag ein bisschen besser machen. Indem wir klug mit Licht, Wasser, Energie, W\u00e4rme, D\u00fcngung, Pflanzenschutz, Materialien und Transport umgehen. Und mit Menschen.     <\/p>\n\t\t\t\t\t\t\t\t<\/div>\n\t\t\t\t<\/div>\n\t\t\t\t<\/div>\n\t\t<div class=\"elementor-element elementor-element-17708bb e-con-full e-flex e-con e-child\" data-id=\"17708bb\" data-element_type=\"container\" data-e-type=\"container\">\n\t\t\t\t<div class=\"elementor-element elementor-element-8e4d372 elementor-widget elementor-widget-spacer\" data-id=\"8e4d372\" data-element_type=\"widget\" data-e-type=\"widget\" data-widget_type=\"spacer.default\">\n\t\t\t\t<div class=\"elementor-widget-container\">\n\t\t\t\t\t\t\t<div class=\"elementor-spacer\">\n\t\t\t<div class=\"elementor-spacer-inner\"><\/div>\n\t\t<\/div>\n\t\t\t\t\t\t<\/div>\n\t\t\t\t<\/div>\n\t\t\t\t<\/div>\n\t\t\t\t\t<\/div>\n\t\t\t\t<\/div>\n\t\t<div class=\"elementor-element elementor-element-79ae3b4 e-flex e-con-boxed e-con e-parent\" data-id=\"79ae3b4\" data-element_type=\"container\" data-e-type=\"container\">\n\t\t\t\t\t<div class=\"e-con-inner\">\n\t\t<div class=\"elementor-element elementor-element-6153c57 e-con-full bg-image-zoom e-flex e-con e-child\" data-id=\"6153c57\" data-element_type=\"container\" data-e-type=\"container\" data-settings=\"{&quot;background_background&quot;:&quot;classic&quot;}\">\n\t\t\t\t<div class=\"elementor-element elementor-element-c1d0ffb elementor-widget elementor-widget-spacer\" data-id=\"c1d0ffb\" data-element_type=\"widget\" data-e-type=\"widget\" data-widget_type=\"spacer.default\">\n\t\t\t\t<div class=\"elementor-widget-container\">\n\t\t\t\t\t\t\t<div class=\"elementor-spacer\">\n\t\t\t<div class=\"elementor-spacer-inner\"><\/div>\n\t\t<\/div>\n\t\t\t\t\t\t<\/div>\n\t\t\t\t<\/div>\n\t\t\t\t<\/div>\n\t\t<div class=\"elementor-element elementor-element-6336b98 e-con-full e-flex e-con e-child\" data-id=\"6336b98\" data-element_type=\"container\" data-e-type=\"container\" data-settings=\"{&quot;background_background&quot;:&quot;classic&quot;}\">\n\t\t\t\t<div class=\"elementor-element elementor-element-2355090 elementor-widget elementor-widget-heading\" data-id=\"2355090\" data-element_type=\"widget\" data-e-type=\"widget\" data-widget_type=\"heading.default\">\n\t\t\t\t<div class=\"elementor-widget-container\">\n\t\t\t\t\t<h2 class=\"elementor-heading-title elementor-size-default\">So weit geht die Nachhaltigkeit bei Ten Have Plant<\/h2>\t\t\t\t<\/div>\n\t\t\t\t<\/div>\n\t\t\t\t<div class=\"elementor-element elementor-element-980193b elementor-widget elementor-widget-text-editor\" data-id=\"980193b\" data-element_type=\"widget\" data-e-type=\"widget\" data-widget_type=\"text-editor.default\">\n\t\t\t\t<div class=\"elementor-widget-container\">\n\t\t\t\t\t\t\t\t\t<p>W<strong>\u00e4rme aus der Luft<\/strong> In unseren Gew\u00e4chsh\u00e4usern wachsen wir relativ k\u00fchl. Wir verwenden Luftentfeuchter, um der Luft W\u00e4rme zu entziehen. Diese wird nach oben gedr\u00fcckt, so dass wir W\u00e4rme in das Gew\u00e4chshaus bringen k\u00f6nnen, ohne viel Energie zu verbrauchen. Mit doppelten Schirmen halten wir die W\u00e4rme im Gew\u00e4chshaus. Die Feuchtigkeit, die wir mit den Entfeuchtern aus der Luft ziehen, wird wiederverwendet. Das Gleiche gilt f\u00fcr das gesamte Wasser und den D\u00fcnger sowie f\u00fcr unsere Verpackungen, T\u00f6pfe und andere Anbaumaterialien. Wir verwenden auch Sonnenkollektoren, LED-Beleuchtung, Erdw\u00e4rme und KWK.      <\/p>\n<p>B<strong>iologischer Pflanzenschutz<\/strong> Wir sch\u00fctzen unsere Pflanzen biologisch, zum Beispiel mit Larven und Insekten. Das sagen wir nicht nur, sondern das wird auch viermal im Jahr bewiesen. Dann werden Blattproben genommen und im Labor \u00fcberpr\u00fcft, ob wir tun, was wir versprechen. Alle Ressourcen tauchen in dieser Analyse auf. Einzelh\u00e4ndler k\u00f6nnen sich einloggen und sehen, wie wir wachsen. Sehr transparent.     <\/p>\n<p>K<strong>ein Kilometer zu viel<\/strong> Wir befinden uns in der N\u00e4he der Auktion, so dass unsere Anlagen keine unn\u00f6tigen Kilometer auf der Stra\u00dfe zur\u00fccklegen m\u00fcssen. Wir reduzieren auch die Auswirkungen auf die Natur, weil unsere Mitarbeiter alle in der N\u00e4he wohnen. Aber was vielleicht noch wichtiger ist: Unsere Mitarbeiter arbeiten hier sicher, mit einem unbefristeten Vertrag und mit viel Spa\u00df. Ten Have Sie wollen f\u00fcr arbeiten. Und tun dies auch weiterhin. Auch das ist nachhaltig!     <\/p>\n\t\t\t\t\t\t\t\t<\/div>\n\t\t\t\t<\/div>\n\t\t\t\t<\/div>\n\t\t\t\t\t<\/div>\n\t\t\t\t<\/div>\n\t\t\t\t<\/div>\n\t\t","protected":false},"excerpt":{"rendered":"<p>Arbeiten f\u00fcr unseren Planeten Ein Familienunternehmen, das auf Kontinuit\u00e4t setzt. Die Langstrecke. Das ist nur m\u00f6glich, wenn Sie die Zukunft unseres Planeten im Blick haben. Deshalb m\u00f6chten wir die Welt innerhalb und au\u00dferhalb unseres Unternehmens jeden Tag ein bisschen besser machen. Indem wir klug mit Licht, Wasser, Energie, W\u00e4rme, D\u00fcngung, Pflanzenschutz, Materialien und Transport umgehen. [&hellip;]<\/p>\n","protected":false},"author":1,"featured_media":0,"parent":0,"menu_order":0,"comment_status":"closed","ping_status":"closed","template":"","meta":{"footnotes":""},"class_list":["post-2431","page","type-page","status-publish","hentry"],"yoast_head":"<!-- This site is optimized with the Yoast SEO plugin v27.2 - https:\/\/yoast.com\/product\/yoast-seo-wordpress\/ -->\n<title>Nachhaltig - Ten Have Plant<\/title>\n<meta name=\"robots\" content=\"index, follow, max-snippet:-1, max-image-preview:large, max-video-preview:-1\" \/>\n<link rel=\"canonical\" href=\"https:\/\/tenhaveplant.nl\/de\/nachhaltig\/\" \/>\n<meta property=\"og:locale\" content=\"de_DE\" \/>\n<meta property=\"og:type\" content=\"article\" \/>\n<meta property=\"og:title\" content=\"Nachhaltig - Ten Have Plant\" \/>\n<meta property=\"og:description\" content=\"Arbeiten f\u00fcr unseren Planeten Ein Familienunternehmen, das auf Kontinuit\u00e4t setzt. Die Langstrecke. Das ist nur m\u00f6glich, wenn Sie die Zukunft unseres Planeten im Blick haben. Deshalb m\u00f6chten wir die Welt innerhalb und au\u00dferhalb unseres Unternehmens jeden Tag ein bisschen besser machen. Indem wir klug mit Licht, Wasser, Energie, W\u00e4rme, D\u00fcngung, Pflanzenschutz, Materialien und Transport umgehen. [&hellip;]\" \/>\n<meta property=\"og:url\" content=\"https:\/\/tenhaveplant.nl\/de\/nachhaltig\/\" \/>\n<meta property=\"og:site_name\" content=\"Ten Have Plant\" \/>\n<meta property=\"article:modified_time\" content=\"2024-11-06T10:08:12+00:00\" \/>\n<meta name=\"twitter:card\" content=\"summary_large_image\" \/>\n<meta name=\"twitter:label1\" content=\"Gesch\u00e4tzte Lesezeit\" \/>\n\t<meta name=\"twitter:data1\" content=\"2\u00a0Minuten\" \/>\n<script type=\"application\/ld+json\" class=\"yoast-schema-graph\">{\"@context\":\"https:\/\/schema.org\",\"@graph\":[{\"@type\":\"WebPage\",\"@id\":\"https:\/\/tenhaveplant.nl\/de\/nachhaltig\/\",\"url\":\"https:\/\/tenhaveplant.nl\/de\/nachhaltig\/\",\"name\":\"Nachhaltig - Ten Have Plant\",\"isPartOf\":{\"@id\":\"https:\/\/tenhaveplant.nl\/#website\"},\"datePublished\":\"2024-07-09T12:52:26+00:00\",\"dateModified\":\"2024-11-06T10:08:12+00:00\",\"breadcrumb\":{\"@id\":\"https:\/\/tenhaveplant.nl\/de\/nachhaltig\/#breadcrumb\"},\"inLanguage\":\"de\",\"potentialAction\":[{\"@type\":\"ReadAction\",\"target\":[\"https:\/\/tenhaveplant.nl\/de\/nachhaltig\/\"]}]},{\"@type\":\"BreadcrumbList\",\"@id\":\"https:\/\/tenhaveplant.nl\/de\/nachhaltig\/#breadcrumb\",\"itemListElement\":[{\"@type\":\"ListItem\",\"position\":1,\"name\":\"Home\",\"item\":\"https:\/\/tenhaveplant.nl\/de\/startseite\/\"},{\"@type\":\"ListItem\",\"position\":2,\"name\":\"Nachhaltig\"}]},{\"@type\":\"WebSite\",\"@id\":\"https:\/\/tenhaveplant.nl\/#website\",\"url\":\"https:\/\/tenhaveplant.nl\/\",\"name\":\"Ten Have Plant\",\"description\":\"\",\"publisher\":{\"@id\":\"https:\/\/tenhaveplant.nl\/#organization\"},\"potentialAction\":[{\"@type\":\"SearchAction\",\"target\":{\"@type\":\"EntryPoint\",\"urlTemplate\":\"https:\/\/tenhaveplant.nl\/?s={search_term_string}\"},\"query-input\":{\"@type\":\"PropertyValueSpecification\",\"valueRequired\":true,\"valueName\":\"search_term_string\"}}],\"inLanguage\":\"de\"},{\"@type\":\"Organization\",\"@id\":\"https:\/\/tenhaveplant.nl\/#organization\",\"name\":\"Ten Have Plant\",\"url\":\"https:\/\/tenhaveplant.nl\/\",\"logo\":{\"@type\":\"ImageObject\",\"inLanguage\":\"de\",\"@id\":\"https:\/\/tenhaveplant.nl\/#\/schema\/logo\/image\/\",\"url\":\"https:\/\/tenhaveplant.nl\/wp-content\/uploads\/2024\/10\/Middel-1-ten-have-plant.svg\",\"contentUrl\":\"https:\/\/tenhaveplant.nl\/wp-content\/uploads\/2024\/10\/Middel-1-ten-have-plant.svg\",\"width\":537,\"height\":537,\"caption\":\"Ten Have Plant\"},\"image\":{\"@id\":\"https:\/\/tenhaveplant.nl\/#\/schema\/logo\/image\/\"}}]}<\/script>\n<!-- \/ Yoast SEO plugin. -->","yoast_head_json":{"title":"Nachhaltig - Ten Have Plant","robots":{"index":"index","follow":"follow","max-snippet":"max-snippet:-1","max-image-preview":"max-image-preview:large","max-video-preview":"max-video-preview:-1"},"canonical":"https:\/\/tenhaveplant.nl\/de\/nachhaltig\/","og_locale":"de_DE","og_type":"article","og_title":"Nachhaltig - Ten Have Plant","og_description":"Arbeiten f\u00fcr unseren Planeten Ein Familienunternehmen, das auf Kontinuit\u00e4t setzt. Die Langstrecke. Das ist nur m\u00f6glich, wenn Sie die Zukunft unseres Planeten im Blick haben. Deshalb m\u00f6chten wir die Welt innerhalb und au\u00dferhalb unseres Unternehmens jeden Tag ein bisschen besser machen. Indem wir klug mit Licht, Wasser, Energie, W\u00e4rme, D\u00fcngung, Pflanzenschutz, Materialien und Transport umgehen. [&hellip;]","og_url":"https:\/\/tenhaveplant.nl\/de\/nachhaltig\/","og_site_name":"Ten Have Plant","article_modified_time":"2024-11-06T10:08:12+00:00","twitter_card":"summary_large_image","twitter_misc":{"Gesch\u00e4tzte Lesezeit":"2\u00a0Minuten"},"schema":{"@context":"https:\/\/schema.org","@graph":[{"@type":"WebPage","@id":"https:\/\/tenhaveplant.nl\/de\/nachhaltig\/","url":"https:\/\/tenhaveplant.nl\/de\/nachhaltig\/","name":"Nachhaltig - Ten Have Plant","isPartOf":{"@id":"https:\/\/tenhaveplant.nl\/#website"},"datePublished":"2024-07-09T12:52:26+00:00","dateModified":"2024-11-06T10:08:12+00:00","breadcrumb":{"@id":"https:\/\/tenhaveplant.nl\/de\/nachhaltig\/#breadcrumb"},"inLanguage":"de","potentialAction":[{"@type":"ReadAction","target":["https:\/\/tenhaveplant.nl\/de\/nachhaltig\/"]}]},{"@type":"BreadcrumbList","@id":"https:\/\/tenhaveplant.nl\/de\/nachhaltig\/#breadcrumb","itemListElement":[{"@type":"ListItem","position":1,"name":"Home","item":"https:\/\/tenhaveplant.nl\/de\/startseite\/"},{"@type":"ListItem","position":2,"name":"Nachhaltig"}]},{"@type":"WebSite","@id":"https:\/\/tenhaveplant.nl\/#website","url":"https:\/\/tenhaveplant.nl\/","name":"Ten Have Plant","description":"","publisher":{"@id":"https:\/\/tenhaveplant.nl\/#organization"},"potentialAction":[{"@type":"SearchAction","target":{"@type":"EntryPoint","urlTemplate":"https:\/\/tenhaveplant.nl\/?s={search_term_string}"},"query-input":{"@type":"PropertyValueSpecification","valueRequired":true,"valueName":"search_term_string"}}],"inLanguage":"de"},{"@type":"Organization","@id":"https:\/\/tenhaveplant.nl\/#organization","name":"Ten Have Plant","url":"https:\/\/tenhaveplant.nl\/","logo":{"@type":"ImageObject","inLanguage":"de","@id":"https:\/\/tenhaveplant.nl\/#\/schema\/logo\/image\/","url":"https:\/\/tenhaveplant.nl\/wp-content\/uploads\/2024\/10\/Middel-1-ten-have-plant.svg","contentUrl":"https:\/\/tenhaveplant.nl\/wp-content\/uploads\/2024\/10\/Middel-1-ten-have-plant.svg","width":537,"height":537,"caption":"Ten Have Plant"},"image":{"@id":"https:\/\/tenhaveplant.nl\/#\/schema\/logo\/image\/"}}]}},"_links":{"self":[{"href":"https:\/\/tenhaveplant.nl\/de\/wp-json\/wp\/v2\/pages\/2431","targetHints":{"allow":["GET"]}}],"collection":[{"href":"https:\/\/tenhaveplant.nl\/de\/wp-json\/wp\/v2\/pages"}],"about":[{"href":"https:\/\/tenhaveplant.nl\/de\/wp-json\/wp\/v2\/types\/page"}],"author":[{"embeddable":true,"href":"https:\/\/tenhaveplant.nl\/de\/wp-json\/wp\/v2\/users\/1"}],"replies":[{"embeddable":true,"href":"https:\/\/tenhaveplant.nl\/de\/wp-json\/wp\/v2\/comments?post=2431"}],"version-history":[{"count":1,"href":"https:\/\/tenhaveplant.nl\/de\/wp-json\/wp\/v2\/pages\/2431\/revisions"}],"predecessor-version":[{"id":2433,"href":"https:\/\/tenhaveplant.nl\/de\/wp-json\/wp\/v2\/pages\/2431\/revisions\/2433"}],"wp:attachment":[{"href":"https:\/\/tenhaveplant.nl\/de\/wp-json\/wp\/v2\/media?parent=2431"}],"curies":[{"name":"wp","href":"https:\/\/api.w.org\/{rel}","templated":true}]}}