{"id":2419,"date":"2024-07-09T12:52:42","date_gmt":"2024-07-09T12:52:42","guid":{"rendered":"https:\/\/tenhaveplant.nl\/decorum\/"},"modified":"2024-11-06T10:08:12","modified_gmt":"2024-11-06T10:08:12","slug":"decorum","status":"publish","type":"page","link":"https:\/\/tenhaveplant.nl\/de\/decorum\/","title":{"rendered":"Decorum"},"content":{"rendered":"\t\t<div data-elementor-type=\"wp-page\" data-elementor-id=\"2419\" class=\"elementor elementor-2419 elementor-54\" data-elementor-post-type=\"page\">\n\t\t\t\t<div class=\"elementor-element elementor-element-963612c e-flex e-con-boxed e-con e-parent\" data-id=\"963612c\" data-element_type=\"container\" data-e-type=\"container\">\n\t\t\t\t\t<div class=\"e-con-inner\">\n\t\t<div class=\"elementor-element elementor-element-9aded5f e-con-full e-flex e-con e-child\" data-id=\"9aded5f\" data-element_type=\"container\" data-e-type=\"container\">\n\t\t\t\t<div class=\"elementor-element elementor-element-3c942e6 elementor-widget elementor-widget-heading\" data-id=\"3c942e6\" data-element_type=\"widget\" data-e-type=\"widget\" data-widget_type=\"heading.default\">\n\t\t\t\t<div class=\"elementor-widget-container\">\n\t\t\t\t\t<h1 class=\"elementor-heading-title elementor-size-default\">Anstand.<br><br> Unser Beweis f\u00fcr Qualit\u00e4t<\/h1>\t\t\t\t<\/div>\n\t\t\t\t<\/div>\n\t\t\t\t<div class=\"elementor-element elementor-element-ab0a2e1 elementor-widget elementor-widget-text-editor\" data-id=\"ab0a2e1\" data-element_type=\"widget\" data-e-type=\"widget\" data-widget_type=\"text-editor.default\">\n\t\t\t\t<div class=\"elementor-widget-container\">\n\t\t\t\t\t\t\t\t\t<p>Unser Unternehmen ist ein Mitglied von Decorum. Wir wurden ausgew\u00e4hlt, weil wir Qualit\u00e4t liefern. Mit diesem G\u00fctesiegel wissen Floristen, Gartencenter und Einzelh\u00e4ndler, dass sie Spitzenprodukte von Unternehmern bestellen, die das Beste auf dem Markt anbieten wollen. Ten Have Aber es hat auch Vorteile f\u00fcr !   <\/p>\n\t\t\t\t\t\t\t\t<\/div>\n\t\t\t\t<\/div>\n\t\t\t\t<\/div>\n\t\t<div class=\"elementor-element elementor-element-9853c01 e-con-full e-flex e-con e-child\" data-id=\"9853c01\" data-element_type=\"container\" data-e-type=\"container\">\n\t\t\t\t<div class=\"elementor-element elementor-element-297f452 elementor-widget elementor-widget-spacer\" data-id=\"297f452\" data-element_type=\"widget\" data-e-type=\"widget\" data-widget_type=\"spacer.default\">\n\t\t\t\t<div class=\"elementor-widget-container\">\n\t\t\t\t\t\t\t<div class=\"elementor-spacer\">\n\t\t\t<div class=\"elementor-spacer-inner\"><\/div>\n\t\t<\/div>\n\t\t\t\t\t\t<\/div>\n\t\t\t\t<\/div>\n\t\t\t\t<\/div>\n\t\t\t\t\t<\/div>\n\t\t\t\t<\/div>\n\t\t<div class=\"elementor-element elementor-element-18b4278 e-flex e-con-boxed e-con e-parent\" data-id=\"18b4278\" data-element_type=\"container\" data-e-type=\"container\">\n\t\t\t\t\t<div class=\"e-con-inner\">\n\t\t<div class=\"elementor-element elementor-element-ea2632d e-con-full bg-image-zoom e-flex e-con e-child\" data-id=\"ea2632d\" data-element_type=\"container\" data-e-type=\"container\" data-settings=\"{&quot;background_background&quot;:&quot;classic&quot;}\">\n\t\t\t\t<div class=\"elementor-element elementor-element-3c10b79 elementor-widget elementor-widget-spacer\" data-id=\"3c10b79\" data-element_type=\"widget\" data-e-type=\"widget\" data-widget_type=\"spacer.default\">\n\t\t\t\t<div class=\"elementor-widget-container\">\n\t\t\t\t\t\t\t<div class=\"elementor-spacer\">\n\t\t\t<div class=\"elementor-spacer-inner\"><\/div>\n\t\t<\/div>\n\t\t\t\t\t\t<\/div>\n\t\t\t\t<\/div>\n\t\t\t\t<\/div>\n\t\t<div class=\"elementor-element elementor-element-5e44e91 e-con-full e-flex e-con e-child\" data-id=\"5e44e91\" data-element_type=\"container\" data-e-type=\"container\" data-settings=\"{&quot;background_background&quot;:&quot;classic&quot;}\">\n\t\t\t\t<div class=\"elementor-element elementor-element-5bf4027 elementor-widget elementor-widget-heading\" data-id=\"5bf4027\" data-element_type=\"widget\" data-e-type=\"widget\" data-widget_type=\"heading.default\">\n\t\t\t\t<div class=\"elementor-widget-container\">\n\t\t\t\t\t<h2 class=\"elementor-heading-title elementor-size-default\">Das Beste vom Besten<\/h2>\t\t\t\t<\/div>\n\t\t\t\t<\/div>\n\t\t\t\t<div class=\"elementor-element elementor-element-1425e82 elementor-widget elementor-widget-text-editor\" data-id=\"1425e82\" data-element_type=\"widget\" data-e-type=\"widget\" data-widget_type=\"text-editor.default\">\n\t\t\t\t<div class=\"elementor-widget-container\">\n\t\t\t\t\t\t\t\t\t<p>Mit unseren intelligenten Kameras w\u00e4hlen wir die besten pro Sorte aus. Diese werden unter dem Decorum-Label an den Blumenladen, das Gartencenter oder den Supermarkt geliefert. Wir garantieren unseren Kunden h\u00f6chste Qualit\u00e4t, Zuverl\u00e4ssigkeit und Service. Im Gegenzug profitieren wir vom Wissensaustausch mit anderen Spitzenz\u00fcchtern, von gemeinsamen Beratungen, vom Marketing und von Auftritten auf Messen. Alle gewinnen!    <\/p>\n\t\t\t\t\t\t\t\t<\/div>\n\t\t\t\t<\/div>\n\t\t\t\t<div class=\"elementor-element elementor-element-b99f2a5 elementor-widget elementor-widget-button\" data-id=\"b99f2a5\" data-element_type=\"widget\" data-e-type=\"widget\" data-widget_type=\"button.default\">\n\t\t\t\t<div class=\"elementor-widget-container\">\n\t\t\t\t\t\t\t\t\t<div class=\"elementor-button-wrapper\">\n\t\t\t\t\t<a class=\"elementor-button elementor-button-link elementor-size-sm\" href=\"https:\/\/decorumplantsflowers.com\/en\/growers\/ten-have-plant\/\" target=\"_blank\">\n\t\t\t\t\t\t<span class=\"elementor-button-content-wrapper\">\n\t\t\t\t\t\t\t\t\t<span class=\"elementor-button-text\">Zu decorumplantsflowers.com<\/span>\n\t\t\t\t\t<\/span>\n\t\t\t\t\t<\/a>\n\t\t\t\t<\/div>\n\t\t\t\t\t\t\t\t<\/div>\n\t\t\t\t<\/div>\n\t\t\t\t<\/div>\n\t\t\t\t\t<\/div>\n\t\t\t\t<\/div>\n\t\t\t\t<\/div>\n\t\t","protected":false},"excerpt":{"rendered":"<p>Anstand. Unser Beweis f\u00fcr Qualit\u00e4t Unser Unternehmen ist ein Mitglied von Decorum. Wir wurden ausgew\u00e4hlt, weil wir Qualit\u00e4t liefern. Mit diesem G\u00fctesiegel wissen Floristen, Gartencenter und Einzelh\u00e4ndler, dass sie Spitzenprodukte von Unternehmern bestellen, die das Beste auf dem Markt anbieten wollen. Ten Have Aber es hat auch Vorteile f\u00fcr ! Das Beste vom Besten Mit [&hellip;]<\/p>\n","protected":false},"author":1,"featured_media":0,"parent":0,"menu_order":0,"comment_status":"closed","ping_status":"closed","template":"","meta":{"footnotes":""},"class_list":["post-2419","page","type-page","status-publish","hentry"],"yoast_head":"<!-- This site is optimized with the Yoast SEO plugin v27.2 - https:\/\/yoast.com\/product\/yoast-seo-wordpress\/ -->\n<title>Decorum - Ten Have Plant<\/title>\n<meta name=\"robots\" content=\"index, follow, max-snippet:-1, max-image-preview:large, max-video-preview:-1\" \/>\n<link rel=\"canonical\" href=\"https:\/\/tenhaveplant.nl\/de\/decorum\/\" \/>\n<meta property=\"og:locale\" content=\"de_DE\" \/>\n<meta property=\"og:type\" content=\"article\" \/>\n<meta property=\"og:title\" content=\"Decorum - Ten Have Plant\" \/>\n<meta property=\"og:description\" content=\"Anstand. Unser Beweis f\u00fcr Qualit\u00e4t Unser Unternehmen ist ein Mitglied von Decorum. Wir wurden ausgew\u00e4hlt, weil wir Qualit\u00e4t liefern. Mit diesem G\u00fctesiegel wissen Floristen, Gartencenter und Einzelh\u00e4ndler, dass sie Spitzenprodukte von Unternehmern bestellen, die das Beste auf dem Markt anbieten wollen. Ten Have Aber es hat auch Vorteile f\u00fcr ! Das Beste vom Besten Mit [&hellip;]\" \/>\n<meta property=\"og:url\" content=\"https:\/\/tenhaveplant.nl\/de\/decorum\/\" \/>\n<meta property=\"og:site_name\" content=\"Ten Have Plant\" \/>\n<meta property=\"article:modified_time\" content=\"2024-11-06T10:08:12+00:00\" \/>\n<meta name=\"twitter:card\" content=\"summary_large_image\" \/>\n<meta name=\"twitter:label1\" content=\"Gesch\u00e4tzte Lesezeit\" \/>\n\t<meta name=\"twitter:data1\" content=\"1\u00a0Minute\" \/>\n<script type=\"application\/ld+json\" class=\"yoast-schema-graph\">{\"@context\":\"https:\/\/schema.org\",\"@graph\":[{\"@type\":\"WebPage\",\"@id\":\"https:\/\/tenhaveplant.nl\/de\/decorum\/\",\"url\":\"https:\/\/tenhaveplant.nl\/de\/decorum\/\",\"name\":\"Decorum - Ten Have Plant\",\"isPartOf\":{\"@id\":\"https:\/\/tenhaveplant.nl\/#website\"},\"datePublished\":\"2024-07-09T12:52:42+00:00\",\"dateModified\":\"2024-11-06T10:08:12+00:00\",\"breadcrumb\":{\"@id\":\"https:\/\/tenhaveplant.nl\/de\/decorum\/#breadcrumb\"},\"inLanguage\":\"de\",\"potentialAction\":[{\"@type\":\"ReadAction\",\"target\":[\"https:\/\/tenhaveplant.nl\/de\/decorum\/\"]}]},{\"@type\":\"BreadcrumbList\",\"@id\":\"https:\/\/tenhaveplant.nl\/de\/decorum\/#breadcrumb\",\"itemListElement\":[{\"@type\":\"ListItem\",\"position\":1,\"name\":\"Home\",\"item\":\"https:\/\/tenhaveplant.nl\/de\/startseite\/\"},{\"@type\":\"ListItem\",\"position\":2,\"name\":\"Decorum\"}]},{\"@type\":\"WebSite\",\"@id\":\"https:\/\/tenhaveplant.nl\/#website\",\"url\":\"https:\/\/tenhaveplant.nl\/\",\"name\":\"Ten Have Plant\",\"description\":\"\",\"publisher\":{\"@id\":\"https:\/\/tenhaveplant.nl\/#organization\"},\"potentialAction\":[{\"@type\":\"SearchAction\",\"target\":{\"@type\":\"EntryPoint\",\"urlTemplate\":\"https:\/\/tenhaveplant.nl\/?s={search_term_string}\"},\"query-input\":{\"@type\":\"PropertyValueSpecification\",\"valueRequired\":true,\"valueName\":\"search_term_string\"}}],\"inLanguage\":\"de\"},{\"@type\":\"Organization\",\"@id\":\"https:\/\/tenhaveplant.nl\/#organization\",\"name\":\"Ten Have Plant\",\"url\":\"https:\/\/tenhaveplant.nl\/\",\"logo\":{\"@type\":\"ImageObject\",\"inLanguage\":\"de\",\"@id\":\"https:\/\/tenhaveplant.nl\/#\/schema\/logo\/image\/\",\"url\":\"https:\/\/tenhaveplant.nl\/wp-content\/uploads\/2024\/10\/Middel-1-ten-have-plant.svg\",\"contentUrl\":\"https:\/\/tenhaveplant.nl\/wp-content\/uploads\/2024\/10\/Middel-1-ten-have-plant.svg\",\"width\":537,\"height\":537,\"caption\":\"Ten Have Plant\"},\"image\":{\"@id\":\"https:\/\/tenhaveplant.nl\/#\/schema\/logo\/image\/\"}}]}<\/script>\n<!-- \/ Yoast SEO plugin. -->","yoast_head_json":{"title":"Decorum - Ten Have Plant","robots":{"index":"index","follow":"follow","max-snippet":"max-snippet:-1","max-image-preview":"max-image-preview:large","max-video-preview":"max-video-preview:-1"},"canonical":"https:\/\/tenhaveplant.nl\/de\/decorum\/","og_locale":"de_DE","og_type":"article","og_title":"Decorum - Ten Have Plant","og_description":"Anstand. Unser Beweis f\u00fcr Qualit\u00e4t Unser Unternehmen ist ein Mitglied von Decorum. Wir wurden ausgew\u00e4hlt, weil wir Qualit\u00e4t liefern. Mit diesem G\u00fctesiegel wissen Floristen, Gartencenter und Einzelh\u00e4ndler, dass sie Spitzenprodukte von Unternehmern bestellen, die das Beste auf dem Markt anbieten wollen. Ten Have Aber es hat auch Vorteile f\u00fcr ! Das Beste vom Besten Mit [&hellip;]","og_url":"https:\/\/tenhaveplant.nl\/de\/decorum\/","og_site_name":"Ten Have Plant","article_modified_time":"2024-11-06T10:08:12+00:00","twitter_card":"summary_large_image","twitter_misc":{"Gesch\u00e4tzte Lesezeit":"1\u00a0Minute"},"schema":{"@context":"https:\/\/schema.org","@graph":[{"@type":"WebPage","@id":"https:\/\/tenhaveplant.nl\/de\/decorum\/","url":"https:\/\/tenhaveplant.nl\/de\/decorum\/","name":"Decorum - Ten Have Plant","isPartOf":{"@id":"https:\/\/tenhaveplant.nl\/#website"},"datePublished":"2024-07-09T12:52:42+00:00","dateModified":"2024-11-06T10:08:12+00:00","breadcrumb":{"@id":"https:\/\/tenhaveplant.nl\/de\/decorum\/#breadcrumb"},"inLanguage":"de","potentialAction":[{"@type":"ReadAction","target":["https:\/\/tenhaveplant.nl\/de\/decorum\/"]}]},{"@type":"BreadcrumbList","@id":"https:\/\/tenhaveplant.nl\/de\/decorum\/#breadcrumb","itemListElement":[{"@type":"ListItem","position":1,"name":"Home","item":"https:\/\/tenhaveplant.nl\/de\/startseite\/"},{"@type":"ListItem","position":2,"name":"Decorum"}]},{"@type":"WebSite","@id":"https:\/\/tenhaveplant.nl\/#website","url":"https:\/\/tenhaveplant.nl\/","name":"Ten Have Plant","description":"","publisher":{"@id":"https:\/\/tenhaveplant.nl\/#organization"},"potentialAction":[{"@type":"SearchAction","target":{"@type":"EntryPoint","urlTemplate":"https:\/\/tenhaveplant.nl\/?s={search_term_string}"},"query-input":{"@type":"PropertyValueSpecification","valueRequired":true,"valueName":"search_term_string"}}],"inLanguage":"de"},{"@type":"Organization","@id":"https:\/\/tenhaveplant.nl\/#organization","name":"Ten Have Plant","url":"https:\/\/tenhaveplant.nl\/","logo":{"@type":"ImageObject","inLanguage":"de","@id":"https:\/\/tenhaveplant.nl\/#\/schema\/logo\/image\/","url":"https:\/\/tenhaveplant.nl\/wp-content\/uploads\/2024\/10\/Middel-1-ten-have-plant.svg","contentUrl":"https:\/\/tenhaveplant.nl\/wp-content\/uploads\/2024\/10\/Middel-1-ten-have-plant.svg","width":537,"height":537,"caption":"Ten Have Plant"},"image":{"@id":"https:\/\/tenhaveplant.nl\/#\/schema\/logo\/image\/"}}]}},"_links":{"self":[{"href":"https:\/\/tenhaveplant.nl\/de\/wp-json\/wp\/v2\/pages\/2419","targetHints":{"allow":["GET"]}}],"collection":[{"href":"https:\/\/tenhaveplant.nl\/de\/wp-json\/wp\/v2\/pages"}],"about":[{"href":"https:\/\/tenhaveplant.nl\/de\/wp-json\/wp\/v2\/types\/page"}],"author":[{"embeddable":true,"href":"https:\/\/tenhaveplant.nl\/de\/wp-json\/wp\/v2\/users\/1"}],"replies":[{"embeddable":true,"href":"https:\/\/tenhaveplant.nl\/de\/wp-json\/wp\/v2\/comments?post=2419"}],"version-history":[{"count":1,"href":"https:\/\/tenhaveplant.nl\/de\/wp-json\/wp\/v2\/pages\/2419\/revisions"}],"predecessor-version":[{"id":2421,"href":"https:\/\/tenhaveplant.nl\/de\/wp-json\/wp\/v2\/pages\/2419\/revisions\/2421"}],"wp:attachment":[{"href":"https:\/\/tenhaveplant.nl\/de\/wp-json\/wp\/v2\/media?parent=2419"}],"curies":[{"name":"wp","href":"https:\/\/api.w.org\/{rel}","templated":true}]}}