{"id":2380,"date":"2024-10-29T15:26:00","date_gmt":"2024-10-29T15:26:00","guid":{"rendered":"https:\/\/tenhaveplant.nl\/technologie\/"},"modified":"2024-11-06T10:08:16","modified_gmt":"2024-11-06T10:08:16","slug":"technologie","status":"publish","type":"page","link":"https:\/\/tenhaveplant.nl\/de\/ueber-uns\/technologie\/","title":{"rendered":"Technologie"},"content":{"rendered":"\t\t<div data-elementor-type=\"wp-page\" data-elementor-id=\"2380\" class=\"elementor elementor-2380 elementor-1478\" data-elementor-post-type=\"page\">\n\t\t\t\t<div class=\"elementor-element elementor-element-623233b9 e-flex e-con-boxed e-con e-parent\" data-id=\"623233b9\" data-element_type=\"container\" data-e-type=\"container\">\n\t\t\t\t\t<div class=\"e-con-inner\">\n\t\t<div class=\"elementor-element elementor-element-2282ecd7 e-con-full e-flex e-con e-child\" data-id=\"2282ecd7\" data-element_type=\"container\" data-e-type=\"container\">\n\t\t\t\t<div class=\"elementor-element elementor-element-6ca2f421 elementor-widget elementor-widget-heading\" data-id=\"6ca2f421\" data-element_type=\"widget\" data-e-type=\"widget\" data-widget_type=\"heading.default\">\n\t\t\t\t<div class=\"elementor-widget-container\">\n\t\t\t\t\t<h1 class=\"elementor-heading-title elementor-size-default\">Intelligenter Anbau ist besser f\u00fcr alle<\/h1>\t\t\t\t<\/div>\n\t\t\t\t<\/div>\n\t\t\t\t<div class=\"elementor-element elementor-element-44a2e9f7 elementor-widget elementor-widget-text-editor\" data-id=\"44a2e9f7\" data-element_type=\"widget\" data-e-type=\"widget\" data-widget_type=\"text-editor.default\">\n\t\t\t\t<div class=\"elementor-widget-container\">\n\t\t\t\t\t\t\t\t\t<p>Wir sind gut in Facharbeit. Aufkleber, Umtopfen, drei Pflanzen extra reif, zwei extra roh: Wir bedienen Kunden, die genau wissen, was sie wollen, wie kein anderer. Dank intelligenter Kameras und unseres selbst entwickelten Bestellsystems sortieren wir ganz gezielt nach Farbe, Gr\u00f6\u00dfe und Reifegrad. Wir verbessern uns st\u00e4ndig. Mit unseren Innovationen haben wir sogar schon Preise gewonnen.    <\/p>\n\t\t\t\t\t\t\t\t<\/div>\n\t\t\t\t<\/div>\n\t\t\t\t<\/div>\n\t\t<div class=\"elementor-element elementor-element-1633b216 e-con-full e-flex e-con e-child\" data-id=\"1633b216\" data-element_type=\"container\" data-e-type=\"container\">\n\t\t\t\t<div class=\"elementor-element elementor-element-7a7ea866 elementor-widget elementor-widget-spacer\" data-id=\"7a7ea866\" data-element_type=\"widget\" data-e-type=\"widget\" data-widget_type=\"spacer.default\">\n\t\t\t\t<div class=\"elementor-widget-container\">\n\t\t\t\t\t\t\t<div class=\"elementor-spacer\">\n\t\t\t<div class=\"elementor-spacer-inner\"><\/div>\n\t\t<\/div>\n\t\t\t\t\t\t<\/div>\n\t\t\t\t<\/div>\n\t\t\t\t<\/div>\n\t\t\t\t\t<\/div>\n\t\t\t\t<\/div>\n\t\t<div class=\"elementor-element elementor-element-644c049b e-flex e-con-boxed e-con e-parent\" data-id=\"644c049b\" data-element_type=\"container\" data-e-type=\"container\">\n\t\t\t\t\t<div class=\"e-con-inner\">\n\t\t<div class=\"elementor-element elementor-element-6200f396 e-con-full bg-image-zoom e-flex e-con e-child\" data-id=\"6200f396\" data-element_type=\"container\" data-e-type=\"container\" data-settings=\"{&quot;background_background&quot;:&quot;classic&quot;}\">\n\t\t\t\t<div class=\"elementor-element elementor-element-4b2b9347 elementor-widget elementor-widget-spacer\" data-id=\"4b2b9347\" data-element_type=\"widget\" data-e-type=\"widget\" data-widget_type=\"spacer.default\">\n\t\t\t\t<div class=\"elementor-widget-container\">\n\t\t\t\t\t\t\t<div class=\"elementor-spacer\">\n\t\t\t<div class=\"elementor-spacer-inner\"><\/div>\n\t\t<\/div>\n\t\t\t\t\t\t<\/div>\n\t\t\t\t<\/div>\n\t\t\t\t<\/div>\n\t\t<div class=\"elementor-element elementor-element-7b3e91e0 e-con-full e-flex e-con e-child\" data-id=\"7b3e91e0\" data-element_type=\"container\" data-e-type=\"container\" data-settings=\"{&quot;background_background&quot;:&quot;classic&quot;}\">\n\t\t\t\t<div class=\"elementor-element elementor-element-3ddfbc9b elementor-widget elementor-widget-heading\" data-id=\"3ddfbc9b\" data-element_type=\"widget\" data-e-type=\"widget\" data-widget_type=\"heading.default\">\n\t\t\t\t<div class=\"elementor-widget-container\">\n\t\t\t\t\t<h2 class=\"elementor-heading-title elementor-size-default\">Unser eigenes Bestellsystem f\u00fcr Pflanzungen<\/h2>\t\t\t\t<\/div>\n\t\t\t\t<\/div>\n\t\t\t\t<div class=\"elementor-element elementor-element-41efe001 elementor-widget elementor-widget-text-editor\" data-id=\"41efe001\" data-element_type=\"widget\" data-e-type=\"widget\" data-widget_type=\"text-editor.default\">\n\t\t\t\t<div class=\"elementor-widget-container\">\n\t\t\t\t\t\t\t\t\t<p>Eine Bestellung trifft ein. Die Pflanzen werden automatisch nach gew\u00fcnschter Farbe, Gr\u00f6\u00dfe und Reife sortiert. Die Bestellung wird zu einer Packliste, und an der Packstation wird alles kontrolliert. Die Bestellung ist fertig! Dank unseres eigenen Pflanzenbestellsystems &#8211; das wir selbst programmieren, anpassen und pflegen &#8211; passt die Technik perfekt zu unserer Arbeitsweise. Und wir k\u00f6nnen genau nach Bedarf liefern.     <\/p>\n\t\t\t\t\t\t\t\t<\/div>\n\t\t\t\t<\/div>\n\t\t\t\t<\/div>\n\t\t\t\t\t<\/div>\n\t\t\t\t<\/div>\n\t\t<div class=\"elementor-element elementor-element-45327e3a e-flex e-con-boxed e-con e-parent\" data-id=\"45327e3a\" data-element_type=\"container\" data-e-type=\"container\">\n\t\t\t\t\t<div class=\"e-con-inner\">\n\t\t<div class=\"elementor-element elementor-element-41dcbd75 e-con-full e-flex e-con e-child\" data-id=\"41dcbd75\" data-element_type=\"container\" data-e-type=\"container\">\n\t\t<div class=\"elementor-element elementor-element-7547a7a2 e-con-full bg-image-zoom e-flex e-con e-child\" data-id=\"7547a7a2\" data-element_type=\"container\" data-e-type=\"container\" data-settings=\"{&quot;background_background&quot;:&quot;classic&quot;}\">\n\t\t\t\t<div class=\"elementor-element elementor-element-11cec00a elementor-widget elementor-widget-spacer\" data-id=\"11cec00a\" data-element_type=\"widget\" data-e-type=\"widget\" data-widget_type=\"spacer.default\">\n\t\t\t\t<div class=\"elementor-widget-container\">\n\t\t\t\t\t\t\t<div class=\"elementor-spacer\">\n\t\t\t<div class=\"elementor-spacer-inner\"><\/div>\n\t\t<\/div>\n\t\t\t\t\t\t<\/div>\n\t\t\t\t<\/div>\n\t\t\t\t<\/div>\n\t\t<div class=\"elementor-element elementor-element-20549166 e-con-full e-flex e-con e-child\" data-id=\"20549166\" data-element_type=\"container\" data-e-type=\"container\" data-settings=\"{&quot;background_background&quot;:&quot;classic&quot;}\">\n\t\t\t\t<div class=\"elementor-element elementor-element-2a8f6a45 elementor-widget elementor-widget-heading\" data-id=\"2a8f6a45\" data-element_type=\"widget\" data-e-type=\"widget\" data-widget_type=\"heading.default\">\n\t\t\t\t<div class=\"elementor-widget-container\">\n\t\t\t\t\t<h3 class=\"elementor-heading-title elementor-size-default\">Sparen Sie Zeit und Arbeit<\/h3>\t\t\t\t<\/div>\n\t\t\t\t<\/div>\n\t\t\t\t<div class=\"elementor-element elementor-element-27803d30 elementor-widget elementor-widget-text-editor\" data-id=\"27803d30\" data-element_type=\"widget\" data-e-type=\"widget\" data-widget_type=\"text-editor.default\">\n\t\t\t\t<div class=\"elementor-widget-container\">\n\t\t\t\t\t\t\t\t\t<p>Die Vermehrung ist Handarbeit, aber ansonsten laufen alle Prozesse automatisch ab. Wir topfen mit einem Roboter, Maschinen stellen T\u00f6pfe ins Gew\u00e4chshaus. Die Bew\u00e4sserung und Klimakontrolle sind computergesteuert. Die Pflanzen werden maschinell geerntet und mit Hilfe intelligenter Kameras nach Gr\u00f6\u00dfe, Farbe und Reifegrad ausgew\u00e4hlt. Niemand muss das Gew\u00e4chshaus betreten, um die Pflanzen zu holen. Das spart eine Menge Zeit und Arbeit.     <\/p>\n\t\t\t\t\t\t\t\t<\/div>\n\t\t\t\t<\/div>\n\t\t\t\t<\/div>\n\t\t\t\t<\/div>\n\t\t<div class=\"elementor-element elementor-element-7dd93b06 e-con-full e-flex e-con e-child\" data-id=\"7dd93b06\" data-element_type=\"container\" data-e-type=\"container\">\n\t\t<div class=\"elementor-element elementor-element-71d67b10 e-con-full bg-image-zoom e-flex e-con e-child\" data-id=\"71d67b10\" data-element_type=\"container\" data-e-type=\"container\" data-settings=\"{&quot;background_background&quot;:&quot;classic&quot;}\">\n\t\t\t\t<div class=\"elementor-element elementor-element-3dcd8c30 elementor-widget elementor-widget-spacer\" data-id=\"3dcd8c30\" data-element_type=\"widget\" data-e-type=\"widget\" data-widget_type=\"spacer.default\">\n\t\t\t\t<div class=\"elementor-widget-container\">\n\t\t\t\t\t\t\t<div class=\"elementor-spacer\">\n\t\t\t<div class=\"elementor-spacer-inner\"><\/div>\n\t\t<\/div>\n\t\t\t\t\t\t<\/div>\n\t\t\t\t<\/div>\n\t\t\t\t<\/div>\n\t\t<div class=\"elementor-element elementor-element-5258672d e-con-full e-flex e-con e-child\" data-id=\"5258672d\" data-element_type=\"container\" data-e-type=\"container\" data-settings=\"{&quot;background_background&quot;:&quot;classic&quot;}\">\n\t\t\t\t<div class=\"elementor-element elementor-element-531c66fd elementor-widget elementor-widget-heading\" data-id=\"531c66fd\" data-element_type=\"widget\" data-e-type=\"widget\" data-widget_type=\"heading.default\">\n\t\t\t\t<div class=\"elementor-widget-container\">\n\t\t\t\t\t<h3 class=\"elementor-heading-title elementor-size-default\">Mikro-Klimakontrolle<\/h3>\t\t\t\t<\/div>\n\t\t\t\t<\/div>\n\t\t\t\t<div class=\"elementor-element elementor-element-1f07129b elementor-widget elementor-widget-text-editor\" data-id=\"1f07129b\" data-element_type=\"widget\" data-e-type=\"widget\" data-widget_type=\"text-editor.default\">\n\t\t\t\t<div class=\"elementor-widget-container\">\n\t\t\t\t\t\t\t\t\t<p>Hochwertiger Anbau ist Pr\u00e4zisionsarbeit. Mit unserem selbst entwickelten Luftsystem kommen wir sehr nah an die Pflanze heran. Das System bl\u00e4st Luft durch L\u00f6cher in den Tischen, auf denen die Pflanzen stehen. So haben Sie eine echte Kontrolle \u00fcber das Mikroklima. N\u00e4her k\u00f6nnen Sie nicht an die Pflanze herankommen.      <\/p>\n\t\t\t\t\t\t\t\t<\/div>\n\t\t\t\t<\/div>\n\t\t\t\t<\/div>\n\t\t\t\t<\/div>\n\t\t\t\t\t<\/div>\n\t\t\t\t<\/div>\n\t\t\t\t<\/div>\n\t\t","protected":false},"excerpt":{"rendered":"<p>Intelligenter Anbau ist besser f\u00fcr alle Wir sind gut in Facharbeit. Aufkleber, Umtopfen, drei Pflanzen extra reif, zwei extra roh: Wir bedienen Kunden, die genau wissen, was sie wollen, wie kein anderer. Dank intelligenter Kameras und unseres selbst entwickelten Bestellsystems sortieren wir ganz gezielt nach Farbe, Gr\u00f6\u00dfe und Reifegrad. Wir verbessern uns st\u00e4ndig. Mit unseren [&hellip;]<\/p>\n","protected":false},"author":1,"featured_media":0,"parent":2436,"menu_order":0,"comment_status":"closed","ping_status":"closed","template":"","meta":{"footnotes":""},"class_list":["post-2380","page","type-page","status-publish","hentry"],"yoast_head":"<!-- This site is optimized with the Yoast SEO plugin v27.2 - https:\/\/yoast.com\/product\/yoast-seo-wordpress\/ -->\n<title>Technologie - Ten Have Plant<\/title>\n<meta name=\"robots\" content=\"index, follow, max-snippet:-1, max-image-preview:large, max-video-preview:-1\" \/>\n<link rel=\"canonical\" href=\"https:\/\/tenhaveplant.nl\/de\/ueber-uns\/technologie\/\" \/>\n<meta property=\"og:locale\" content=\"de_DE\" \/>\n<meta property=\"og:type\" content=\"article\" \/>\n<meta property=\"og:title\" content=\"Technologie - Ten Have Plant\" \/>\n<meta property=\"og:description\" content=\"Intelligenter Anbau ist besser f\u00fcr alle Wir sind gut in Facharbeit. Aufkleber, Umtopfen, drei Pflanzen extra reif, zwei extra roh: Wir bedienen Kunden, die genau wissen, was sie wollen, wie kein anderer. Dank intelligenter Kameras und unseres selbst entwickelten Bestellsystems sortieren wir ganz gezielt nach Farbe, Gr\u00f6\u00dfe und Reifegrad. Wir verbessern uns st\u00e4ndig. Mit unseren [&hellip;]\" \/>\n<meta property=\"og:url\" content=\"https:\/\/tenhaveplant.nl\/de\/ueber-uns\/technologie\/\" \/>\n<meta property=\"og:site_name\" content=\"Ten Have Plant\" \/>\n<meta property=\"article:modified_time\" content=\"2024-11-06T10:08:16+00:00\" \/>\n<meta name=\"twitter:card\" content=\"summary_large_image\" \/>\n<meta name=\"twitter:label1\" content=\"Gesch\u00e4tzte Lesezeit\" \/>\n\t<meta name=\"twitter:data1\" content=\"1\u00a0Minute\" \/>\n<script type=\"application\/ld+json\" class=\"yoast-schema-graph\">{\"@context\":\"https:\/\/schema.org\",\"@graph\":[{\"@type\":\"WebPage\",\"@id\":\"https:\/\/tenhaveplant.nl\/de\/ueber-uns\/technologie\/\",\"url\":\"https:\/\/tenhaveplant.nl\/de\/ueber-uns\/technologie\/\",\"name\":\"Technologie - Ten Have Plant\",\"isPartOf\":{\"@id\":\"https:\/\/tenhaveplant.nl\/#website\"},\"datePublished\":\"2024-10-29T15:26:00+00:00\",\"dateModified\":\"2024-11-06T10:08:16+00:00\",\"breadcrumb\":{\"@id\":\"https:\/\/tenhaveplant.nl\/de\/ueber-uns\/technologie\/#breadcrumb\"},\"inLanguage\":\"de\",\"potentialAction\":[{\"@type\":\"ReadAction\",\"target\":[\"https:\/\/tenhaveplant.nl\/de\/ueber-uns\/technologie\/\"]}]},{\"@type\":\"BreadcrumbList\",\"@id\":\"https:\/\/tenhaveplant.nl\/de\/ueber-uns\/technologie\/#breadcrumb\",\"itemListElement\":[{\"@type\":\"ListItem\",\"position\":1,\"name\":\"Home\",\"item\":\"https:\/\/tenhaveplant.nl\/de\/startseite\/\"},{\"@type\":\"ListItem\",\"position\":2,\"name\":\"\u00dcber uns\",\"item\":\"https:\/\/tenhaveplant.nl\/de\/ueber-uns\/\"},{\"@type\":\"ListItem\",\"position\":3,\"name\":\"Technologie\"}]},{\"@type\":\"WebSite\",\"@id\":\"https:\/\/tenhaveplant.nl\/#website\",\"url\":\"https:\/\/tenhaveplant.nl\/\",\"name\":\"Ten Have Plant\",\"description\":\"\",\"publisher\":{\"@id\":\"https:\/\/tenhaveplant.nl\/#organization\"},\"potentialAction\":[{\"@type\":\"SearchAction\",\"target\":{\"@type\":\"EntryPoint\",\"urlTemplate\":\"https:\/\/tenhaveplant.nl\/?s={search_term_string}\"},\"query-input\":{\"@type\":\"PropertyValueSpecification\",\"valueRequired\":true,\"valueName\":\"search_term_string\"}}],\"inLanguage\":\"de\"},{\"@type\":\"Organization\",\"@id\":\"https:\/\/tenhaveplant.nl\/#organization\",\"name\":\"Ten Have Plant\",\"url\":\"https:\/\/tenhaveplant.nl\/\",\"logo\":{\"@type\":\"ImageObject\",\"inLanguage\":\"de\",\"@id\":\"https:\/\/tenhaveplant.nl\/#\/schema\/logo\/image\/\",\"url\":\"https:\/\/tenhaveplant.nl\/wp-content\/uploads\/2024\/10\/Middel-1-ten-have-plant.svg\",\"contentUrl\":\"https:\/\/tenhaveplant.nl\/wp-content\/uploads\/2024\/10\/Middel-1-ten-have-plant.svg\",\"width\":537,\"height\":537,\"caption\":\"Ten Have Plant\"},\"image\":{\"@id\":\"https:\/\/tenhaveplant.nl\/#\/schema\/logo\/image\/\"}}]}<\/script>\n<!-- \/ Yoast SEO plugin. -->","yoast_head_json":{"title":"Technologie - Ten Have Plant","robots":{"index":"index","follow":"follow","max-snippet":"max-snippet:-1","max-image-preview":"max-image-preview:large","max-video-preview":"max-video-preview:-1"},"canonical":"https:\/\/tenhaveplant.nl\/de\/ueber-uns\/technologie\/","og_locale":"de_DE","og_type":"article","og_title":"Technologie - Ten Have Plant","og_description":"Intelligenter Anbau ist besser f\u00fcr alle Wir sind gut in Facharbeit. Aufkleber, Umtopfen, drei Pflanzen extra reif, zwei extra roh: Wir bedienen Kunden, die genau wissen, was sie wollen, wie kein anderer. Dank intelligenter Kameras und unseres selbst entwickelten Bestellsystems sortieren wir ganz gezielt nach Farbe, Gr\u00f6\u00dfe und Reifegrad. Wir verbessern uns st\u00e4ndig. Mit unseren [&hellip;]","og_url":"https:\/\/tenhaveplant.nl\/de\/ueber-uns\/technologie\/","og_site_name":"Ten Have Plant","article_modified_time":"2024-11-06T10:08:16+00:00","twitter_card":"summary_large_image","twitter_misc":{"Gesch\u00e4tzte Lesezeit":"1\u00a0Minute"},"schema":{"@context":"https:\/\/schema.org","@graph":[{"@type":"WebPage","@id":"https:\/\/tenhaveplant.nl\/de\/ueber-uns\/technologie\/","url":"https:\/\/tenhaveplant.nl\/de\/ueber-uns\/technologie\/","name":"Technologie - Ten Have Plant","isPartOf":{"@id":"https:\/\/tenhaveplant.nl\/#website"},"datePublished":"2024-10-29T15:26:00+00:00","dateModified":"2024-11-06T10:08:16+00:00","breadcrumb":{"@id":"https:\/\/tenhaveplant.nl\/de\/ueber-uns\/technologie\/#breadcrumb"},"inLanguage":"de","potentialAction":[{"@type":"ReadAction","target":["https:\/\/tenhaveplant.nl\/de\/ueber-uns\/technologie\/"]}]},{"@type":"BreadcrumbList","@id":"https:\/\/tenhaveplant.nl\/de\/ueber-uns\/technologie\/#breadcrumb","itemListElement":[{"@type":"ListItem","position":1,"name":"Home","item":"https:\/\/tenhaveplant.nl\/de\/startseite\/"},{"@type":"ListItem","position":2,"name":"\u00dcber uns","item":"https:\/\/tenhaveplant.nl\/de\/ueber-uns\/"},{"@type":"ListItem","position":3,"name":"Technologie"}]},{"@type":"WebSite","@id":"https:\/\/tenhaveplant.nl\/#website","url":"https:\/\/tenhaveplant.nl\/","name":"Ten Have Plant","description":"","publisher":{"@id":"https:\/\/tenhaveplant.nl\/#organization"},"potentialAction":[{"@type":"SearchAction","target":{"@type":"EntryPoint","urlTemplate":"https:\/\/tenhaveplant.nl\/?s={search_term_string}"},"query-input":{"@type":"PropertyValueSpecification","valueRequired":true,"valueName":"search_term_string"}}],"inLanguage":"de"},{"@type":"Organization","@id":"https:\/\/tenhaveplant.nl\/#organization","name":"Ten Have Plant","url":"https:\/\/tenhaveplant.nl\/","logo":{"@type":"ImageObject","inLanguage":"de","@id":"https:\/\/tenhaveplant.nl\/#\/schema\/logo\/image\/","url":"https:\/\/tenhaveplant.nl\/wp-content\/uploads\/2024\/10\/Middel-1-ten-have-plant.svg","contentUrl":"https:\/\/tenhaveplant.nl\/wp-content\/uploads\/2024\/10\/Middel-1-ten-have-plant.svg","width":537,"height":537,"caption":"Ten Have Plant"},"image":{"@id":"https:\/\/tenhaveplant.nl\/#\/schema\/logo\/image\/"}}]}},"_links":{"self":[{"href":"https:\/\/tenhaveplant.nl\/de\/wp-json\/wp\/v2\/pages\/2380","targetHints":{"allow":["GET"]}}],"collection":[{"href":"https:\/\/tenhaveplant.nl\/de\/wp-json\/wp\/v2\/pages"}],"about":[{"href":"https:\/\/tenhaveplant.nl\/de\/wp-json\/wp\/v2\/types\/page"}],"author":[{"embeddable":true,"href":"https:\/\/tenhaveplant.nl\/de\/wp-json\/wp\/v2\/users\/1"}],"replies":[{"embeddable":true,"href":"https:\/\/tenhaveplant.nl\/de\/wp-json\/wp\/v2\/comments?post=2380"}],"version-history":[{"count":1,"href":"https:\/\/tenhaveplant.nl\/de\/wp-json\/wp\/v2\/pages\/2380\/revisions"}],"predecessor-version":[{"id":2382,"href":"https:\/\/tenhaveplant.nl\/de\/wp-json\/wp\/v2\/pages\/2380\/revisions\/2382"}],"up":[{"embeddable":true,"href":"https:\/\/tenhaveplant.nl\/de\/wp-json\/wp\/v2\/pages\/2436"}],"wp:attachment":[{"href":"https:\/\/tenhaveplant.nl\/de\/wp-json\/wp\/v2\/media?parent=2380"}],"curies":[{"name":"wp","href":"https:\/\/api.w.org\/{rel}","templated":true}]}}